{"id":73,"date":"2024-05-08T15:55:26","date_gmt":"2024-05-08T15:55:26","guid":{"rendered":"https:\/\/cjiang1.upv.edu.es\/?post_type=product&#038;p=73"},"modified":"2024-05-16T18:31:18","modified_gmt":"2024-05-16T16:31:18","slug":"puma-doublecourt","status":"publish","type":"product","link":"https:\/\/cjiang1.upv.edu.es\/?product=puma-doublecourt","title":{"rendered":"PUMA Doublecourt"},"content":{"rendered":"<p>Las PUMA Doublecourt combinan un dise\u00f1o moderno con detalles refinados, haciendo de estas zapatillas una elecci\u00f3n elegante y funcional. Su exterior est\u00e1 compuesto por un 81.44% de piel de vacuno y un 18.56% de material sint\u00e9tico, ofreciendo durabilidad y estilo. Las capas de ante superpuestas a\u00f1aden un toque de sofisticaci\u00f3n y textura.<\/p>\n<p>La comodidad es primordial en las Doublecourt, con una plantilla hecha de 100% material sint\u00e9tico que proporciona un soporte \u00f3ptimo para tus pies. La suela, fabricada en un 100% de goma, garantiza una excelente tracci\u00f3n y resistencia al desgaste, perfecta para cualquier superficie. Adem\u00e1s, el forro 100% textil asegura una experiencia c\u00f3moda y transpirable en cada paso.<\/p>\n<p>Con su combinaci\u00f3n de materiales de alta calidad y su dise\u00f1o cuidado, las PUMA Doublecourt son la opci\u00f3n ideal para quienes buscan una zapatilla que no solo se vea bien, sino que tambi\u00e9n ofrezca un rendimiento excepcional.<\/p>\n<p>&nbsp;<\/p>\n<p><img loading=\"lazy\" decoding=\"async\" class=\"alignnone size-medium wp-image-89\" src=\"http:\/\/cjiang1.upv.edu.es\/wp-content\/uploads\/2024\/05\/PUMA-Doublecourt-3-300x300.png\" alt=\"\" width=\"300\" height=\"300\" srcset=\"https:\/\/cjiang1.upv.edu.es\/wp-content\/uploads\/2024\/05\/PUMA-Doublecourt-3-300x300.png 300w, https:\/\/cjiang1.upv.edu.es\/wp-content\/uploads\/2024\/05\/PUMA-Doublecourt-3-150x150.png 150w, https:\/\/cjiang1.upv.edu.es\/wp-content\/uploads\/2024\/05\/PUMA-Doublecourt-3-540x540.png 540w, https:\/\/cjiang1.upv.edu.es\/wp-content\/uploads\/2024\/05\/PUMA-Doublecourt-3-600x600.png 600w, https:\/\/cjiang1.upv.edu.es\/wp-content\/uploads\/2024\/05\/PUMA-Doublecourt-3-50x50.png 50w, https:\/\/cjiang1.upv.edu.es\/wp-content\/uploads\/2024\/05\/PUMA-Doublecourt-3-100x100.png 100w, https:\/\/cjiang1.upv.edu.es\/wp-content\/uploads\/2024\/05\/PUMA-Doublecourt-3-64x64.png 64w, https:\/\/cjiang1.upv.edu.es\/wp-content\/uploads\/2024\/05\/PUMA-Doublecourt-3.png 750w\" sizes=\"auto, (max-width: 300px) 100vw, 300px\" \/><\/p>\n","protected":false},"excerpt":{"rendered":"<p>Las PUMA Doublecourt presentan un dise\u00f1o moderno y detalles refinados, como un exterior de piel con capas de ante superpuestas.<\/p>\n","protected":false},"featured_media":74,"comment_status":"open","ping_status":"closed","template":"","meta":[],"product_brand":[],"product_cat":[20],"product_tag":[],"class_list":{"0":"post-73","1":"product","2":"type-product","3":"status-publish","4":"has-post-thumbnail","6":"product_cat-zapatillas","7":"yith_product_brand-puma","9":"first","10":"instock","11":"sale","12":"taxable","13":"shipping-taxable","14":"purchasable","15":"product-type-variable","16":"has-default-attributes"},"yoast_head":"<!-- This site is optimized with the Yoast SEO plugin v27.3 - https:\/\/yoast.com\/product\/yoast-seo-wordpress\/ -->\n<title>PUMA Doublecourt -<\/title>\n<meta name=\"robots\" content=\"index, follow, max-snippet:-1, max-image-preview:large, max-video-preview:-1\" \/>\n<link rel=\"canonical\" href=\"https:\/\/cjiang1.upv.edu.es\/?product=puma-doublecourt\" \/>\n<meta property=\"og:locale\" content=\"es_ES\" \/>\n<meta property=\"og:type\" content=\"article\" \/>\n<meta property=\"og:title\" content=\"PUMA Doublecourt -\" \/>\n<meta property=\"og:description\" content=\"Las PUMA Doublecourt presentan un dise\u00f1o moderno y detalles refinados, como un exterior de piel con capas de ante superpuestas.\" \/>\n<meta property=\"og:url\" content=\"https:\/\/cjiang1.upv.edu.es\/?product=puma-doublecourt\" \/>\n<meta property=\"article:modified_time\" content=\"2024-05-16T16:31:18+00:00\" \/>\n<meta property=\"og:image\" content=\"https:\/\/cjiang1.upv.edu.es\/wp-content\/uploads\/2024\/05\/PUMA-Doublecourt-2.png\" \/>\n\t<meta property=\"og:image:width\" content=\"750\" \/>\n\t<meta property=\"og:image:height\" content=\"750\" \/>\n\t<meta property=\"og:image:type\" content=\"image\/png\" \/>\n<meta name=\"twitter:card\" content=\"summary_large_image\" \/>\n<meta name=\"twitter:label1\" content=\"Tiempo de lectura\" \/>\n\t<meta name=\"twitter:data1\" content=\"1 minuto\" \/>\n<script type=\"application\/ld+json\" class=\"yoast-schema-graph\">{\"@context\":\"https:\\\/\\\/schema.org\",\"@graph\":[{\"@type\":\"WebPage\",\"@id\":\"https:\\\/\\\/cjiang1.upv.edu.es\\\/?product=puma-doublecourt\",\"url\":\"https:\\\/\\\/cjiang1.upv.edu.es\\\/?product=puma-doublecourt\",\"name\":\"PUMA Doublecourt -\",\"isPartOf\":{\"@id\":\"https:\\\/\\\/cjiang1.upv.edu.es\\\/#website\"},\"primaryImageOfPage\":{\"@id\":\"https:\\\/\\\/cjiang1.upv.edu.es\\\/?product=puma-doublecourt#primaryimage\"},\"image\":{\"@id\":\"https:\\\/\\\/cjiang1.upv.edu.es\\\/?product=puma-doublecourt#primaryimage\"},\"thumbnailUrl\":\"https:\\\/\\\/cjiang1.upv.edu.es\\\/wp-content\\\/uploads\\\/2024\\\/05\\\/PUMA-Doublecourt-2.png\",\"datePublished\":\"2024-05-08T15:55:26+00:00\",\"dateModified\":\"2024-05-16T16:31:18+00:00\",\"breadcrumb\":{\"@id\":\"https:\\\/\\\/cjiang1.upv.edu.es\\\/?product=puma-doublecourt#breadcrumb\"},\"inLanguage\":\"es\",\"potentialAction\":[{\"@type\":\"ReadAction\",\"target\":[\"https:\\\/\\\/cjiang1.upv.edu.es\\\/?product=puma-doublecourt\"]}]},{\"@type\":\"ImageObject\",\"inLanguage\":\"es\",\"@id\":\"https:\\\/\\\/cjiang1.upv.edu.es\\\/?product=puma-doublecourt#primaryimage\",\"url\":\"https:\\\/\\\/cjiang1.upv.edu.es\\\/wp-content\\\/uploads\\\/2024\\\/05\\\/PUMA-Doublecourt-2.png\",\"contentUrl\":\"https:\\\/\\\/cjiang1.upv.edu.es\\\/wp-content\\\/uploads\\\/2024\\\/05\\\/PUMA-Doublecourt-2.png\",\"width\":750,\"height\":750},{\"@type\":\"BreadcrumbList\",\"@id\":\"https:\\\/\\\/cjiang1.upv.edu.es\\\/?product=puma-doublecourt#breadcrumb\",\"itemListElement\":[{\"@type\":\"ListItem\",\"position\":1,\"name\":\"Portada\",\"item\":\"https:\\\/\\\/cjiang1.upv.edu.es\\\/\"},{\"@type\":\"ListItem\",\"position\":2,\"name\":\"Shop\",\"item\":\"https:\\\/\\\/cjiang1.upv.edu.es\\\/?page_id=7\"},{\"@type\":\"ListItem\",\"position\":3,\"name\":\"PUMA Doublecourt\"}]},{\"@type\":\"WebSite\",\"@id\":\"https:\\\/\\\/cjiang1.upv.edu.es\\\/#website\",\"url\":\"https:\\\/\\\/cjiang1.upv.edu.es\\\/\",\"name\":\"Npcnt\",\"description\":\"NPCnt\",\"publisher\":{\"@id\":\"https:\\\/\\\/cjiang1.upv.edu.es\\\/#organization\"},\"potentialAction\":[{\"@type\":\"SearchAction\",\"target\":{\"@type\":\"EntryPoint\",\"urlTemplate\":\"https:\\\/\\\/cjiang1.upv.edu.es\\\/?s={search_term_string}\"},\"query-input\":{\"@type\":\"PropertyValueSpecification\",\"valueRequired\":true,\"valueName\":\"search_term_string\"}}],\"inLanguage\":\"es\"},{\"@type\":\"Organization\",\"@id\":\"https:\\\/\\\/cjiang1.upv.edu.es\\\/#organization\",\"name\":\"Npcnt SL\",\"url\":\"https:\\\/\\\/cjiang1.upv.edu.es\\\/\",\"logo\":{\"@type\":\"ImageObject\",\"inLanguage\":\"es\",\"@id\":\"https:\\\/\\\/cjiang1.upv.edu.es\\\/#\\\/schema\\\/logo\\\/image\\\/\",\"url\":\"https:\\\/\\\/cjiang1.upv.edu.es\\\/wp-content\\\/uploads\\\/2024\\\/05\\\/IMG_1034-edited.png\",\"contentUrl\":\"https:\\\/\\\/cjiang1.upv.edu.es\\\/wp-content\\\/uploads\\\/2024\\\/05\\\/IMG_1034-edited.png\",\"width\":341,\"height\":341,\"caption\":\"Npcnt SL\"},\"image\":{\"@id\":\"https:\\\/\\\/cjiang1.upv.edu.es\\\/#\\\/schema\\\/logo\\\/image\\\/\"}}]}<\/script>\n<!-- \/ Yoast SEO plugin. -->","yoast_head_json":{"title":"PUMA Doublecourt -","robots":{"index":"index","follow":"follow","max-snippet":"max-snippet:-1","max-image-preview":"max-image-preview:large","max-video-preview":"max-video-preview:-1"},"canonical":"https:\/\/cjiang1.upv.edu.es\/?product=puma-doublecourt","og_locale":"es_ES","og_type":"article","og_title":"PUMA Doublecourt -","og_description":"Las PUMA Doublecourt presentan un dise\u00f1o moderno y detalles refinados, como un exterior de piel con capas de ante superpuestas.","og_url":"https:\/\/cjiang1.upv.edu.es\/?product=puma-doublecourt","article_modified_time":"2024-05-16T16:31:18+00:00","og_image":[{"width":750,"height":750,"url":"https:\/\/cjiang1.upv.edu.es\/wp-content\/uploads\/2024\/05\/PUMA-Doublecourt-2.png","type":"image\/png"}],"twitter_card":"summary_large_image","twitter_misc":{"Tiempo de lectura":"1 minuto"},"schema":{"@context":"https:\/\/schema.org","@graph":[{"@type":"WebPage","@id":"https:\/\/cjiang1.upv.edu.es\/?product=puma-doublecourt","url":"https:\/\/cjiang1.upv.edu.es\/?product=puma-doublecourt","name":"PUMA Doublecourt -","isPartOf":{"@id":"https:\/\/cjiang1.upv.edu.es\/#website"},"primaryImageOfPage":{"@id":"https:\/\/cjiang1.upv.edu.es\/?product=puma-doublecourt#primaryimage"},"image":{"@id":"https:\/\/cjiang1.upv.edu.es\/?product=puma-doublecourt#primaryimage"},"thumbnailUrl":"https:\/\/cjiang1.upv.edu.es\/wp-content\/uploads\/2024\/05\/PUMA-Doublecourt-2.png","datePublished":"2024-05-08T15:55:26+00:00","dateModified":"2024-05-16T16:31:18+00:00","breadcrumb":{"@id":"https:\/\/cjiang1.upv.edu.es\/?product=puma-doublecourt#breadcrumb"},"inLanguage":"es","potentialAction":[{"@type":"ReadAction","target":["https:\/\/cjiang1.upv.edu.es\/?product=puma-doublecourt"]}]},{"@type":"ImageObject","inLanguage":"es","@id":"https:\/\/cjiang1.upv.edu.es\/?product=puma-doublecourt#primaryimage","url":"https:\/\/cjiang1.upv.edu.es\/wp-content\/uploads\/2024\/05\/PUMA-Doublecourt-2.png","contentUrl":"https:\/\/cjiang1.upv.edu.es\/wp-content\/uploads\/2024\/05\/PUMA-Doublecourt-2.png","width":750,"height":750},{"@type":"BreadcrumbList","@id":"https:\/\/cjiang1.upv.edu.es\/?product=puma-doublecourt#breadcrumb","itemListElement":[{"@type":"ListItem","position":1,"name":"Portada","item":"https:\/\/cjiang1.upv.edu.es\/"},{"@type":"ListItem","position":2,"name":"Shop","item":"https:\/\/cjiang1.upv.edu.es\/?page_id=7"},{"@type":"ListItem","position":3,"name":"PUMA Doublecourt"}]},{"@type":"WebSite","@id":"https:\/\/cjiang1.upv.edu.es\/#website","url":"https:\/\/cjiang1.upv.edu.es\/","name":"Npcnt","description":"NPCnt","publisher":{"@id":"https:\/\/cjiang1.upv.edu.es\/#organization"},"potentialAction":[{"@type":"SearchAction","target":{"@type":"EntryPoint","urlTemplate":"https:\/\/cjiang1.upv.edu.es\/?s={search_term_string}"},"query-input":{"@type":"PropertyValueSpecification","valueRequired":true,"valueName":"search_term_string"}}],"inLanguage":"es"},{"@type":"Organization","@id":"https:\/\/cjiang1.upv.edu.es\/#organization","name":"Npcnt SL","url":"https:\/\/cjiang1.upv.edu.es\/","logo":{"@type":"ImageObject","inLanguage":"es","@id":"https:\/\/cjiang1.upv.edu.es\/#\/schema\/logo\/image\/","url":"https:\/\/cjiang1.upv.edu.es\/wp-content\/uploads\/2024\/05\/IMG_1034-edited.png","contentUrl":"https:\/\/cjiang1.upv.edu.es\/wp-content\/uploads\/2024\/05\/IMG_1034-edited.png","width":341,"height":341,"caption":"Npcnt SL"},"image":{"@id":"https:\/\/cjiang1.upv.edu.es\/#\/schema\/logo\/image\/"}}]}},"_links":{"self":[{"href":"https:\/\/cjiang1.upv.edu.es\/index.php?rest_route=\/wp\/v2\/product\/73","targetHints":{"allow":["GET"]}}],"collection":[{"href":"https:\/\/cjiang1.upv.edu.es\/index.php?rest_route=\/wp\/v2\/product"}],"about":[{"href":"https:\/\/cjiang1.upv.edu.es\/index.php?rest_route=\/wp\/v2\/types\/product"}],"replies":[{"embeddable":true,"href":"https:\/\/cjiang1.upv.edu.es\/index.php?rest_route=%2Fwp%2Fv2%2Fcomments&post=73"}],"wp:featuredmedia":[{"embeddable":true,"href":"https:\/\/cjiang1.upv.edu.es\/index.php?rest_route=\/wp\/v2\/media\/74"}],"wp:attachment":[{"href":"https:\/\/cjiang1.upv.edu.es\/index.php?rest_route=%2Fwp%2Fv2%2Fmedia&parent=73"}],"wp:term":[{"taxonomy":"product_brand","embeddable":true,"href":"https:\/\/cjiang1.upv.edu.es\/index.php?rest_route=%2Fwp%2Fv2%2Fproduct_brand&post=73"},{"taxonomy":"product_cat","embeddable":true,"href":"https:\/\/cjiang1.upv.edu.es\/index.php?rest_route=%2Fwp%2Fv2%2Fproduct_cat&post=73"},{"taxonomy":"product_tag","embeddable":true,"href":"https:\/\/cjiang1.upv.edu.es\/index.php?rest_route=%2Fwp%2Fv2%2Fproduct_tag&post=73"}],"curies":[{"name":"wp","href":"https:\/\/api.w.org\/{rel}","templated":true}]}}