{"id":56,"date":"2024-05-08T15:45:12","date_gmt":"2024-05-08T15:45:12","guid":{"rendered":"https:\/\/cjiang1.upv.edu.es\/?post_type=product&#038;p=56"},"modified":"2024-05-16T18:34:58","modified_gmt":"2024-05-16T16:34:58","slug":"nike-dunk-low-retro","status":"publish","type":"product","link":"https:\/\/cjiang1.upv.edu.es\/?product=nike-dunk-low-retro","title":{"rendered":"Nike Dunk Low Retro"},"content":{"rendered":"<p>La tecnolog\u00eda moderna del calzado asegura una comodidad excepcional, adecuada para el siglo XXI. Las zapatillas cuentan con una zona del tobillo de perfil bajo, proporcionando un ajuste c\u00f3modo y una mayor libertad de movimiento. La suela interior de espuma a\u00f1ade una capa adicional de confort, amortiguando cada paso.<\/p>\n<p>Las perforaciones en la puntera mejoran la ventilaci\u00f3n, manteniendo los pies frescos durante todo el d\u00eda. El color mostrado, Blanco\/Court Purple\/Court Purple, resalta la elegancia y el atractivo cl\u00e1sico de estas zapatillas. Con el modelo DD1391-104, cada detalle ha sido cuidadosamente dise\u00f1ado para ofrecer tanto estilo como funcionalidad.<\/p>\n<p>Las Nike Dunk Low Retro son una fusi\u00f3n perfecta de nostalgia y tecnolog\u00eda moderna, ideales para quienes aprecian la moda vintage con las ventajas de la innovaci\u00f3n contempor\u00e1nea.<\/p>\n<p>&nbsp;<\/p>\n<div style=\"width: 864px;\" class=\"wp-video\"><video class=\"wp-video-shortcode\" id=\"video-56-1\" width=\"864\" height=\"1080\" preload=\"metadata\" controls=\"controls\"><source type=\"video\/mp4\" src=\"http:\/\/cjiang1.upv.edu.es\/wp-content\/uploads\/2024\/05\/video.mp4?_=1\" \/><a href=\"http:\/\/cjiang1.upv.edu.es\/wp-content\/uploads\/2024\/05\/video.mp4\">http:\/\/cjiang1.upv.edu.es\/wp-content\/uploads\/2024\/05\/video.mp4<\/a><\/video><\/div>\n","protected":false},"excerpt":{"rendered":"<p>Las Nike Dunk Low Retro, que se crearon para el parqu\u00e9 y terminaron dominando las calles, vuelven con revestimientos impecables y los colores del equipo originales. Este icono de baloncesto rinde homenaje al estilo de los 80 con una parte superior de piel premium que ofrece un look excelente. La tecnolog\u00eda del calzado moderna aporta la comodidad del siglo XXI.<\/p>\n","protected":false},"featured_media":57,"comment_status":"open","ping_status":"closed","template":"","meta":[],"product_brand":[],"product_cat":[20],"product_tag":[],"class_list":{"0":"post-56","1":"product","2":"type-product","3":"status-publish","4":"has-post-thumbnail","6":"product_cat-zapatillas","7":"yith_product_brand-nike","9":"first","10":"instock","11":"taxable","12":"shipping-taxable","13":"purchasable","14":"product-type-variable","15":"has-default-attributes"},"yoast_head":"<!-- This site is optimized with the Yoast SEO plugin v27.3 - https:\/\/yoast.com\/product\/yoast-seo-wordpress\/ -->\n<title>Nike Dunk Low Retro -<\/title>\n<meta name=\"robots\" content=\"index, follow, max-snippet:-1, max-image-preview:large, max-video-preview:-1\" \/>\n<link rel=\"canonical\" href=\"https:\/\/cjiang1.upv.edu.es\/?product=nike-dunk-low-retro\" \/>\n<meta property=\"og:locale\" content=\"es_ES\" \/>\n<meta property=\"og:type\" content=\"article\" \/>\n<meta property=\"og:title\" content=\"Nike Dunk Low Retro -\" \/>\n<meta property=\"og:description\" content=\"Las Nike Dunk Low Retro, que se crearon para el parqu\u00e9 y terminaron dominando las calles, vuelven con revestimientos impecables y los colores del equipo originales. Este icono de baloncesto rinde homenaje al estilo de los 80 con una parte superior de piel premium que ofrece un look excelente. La tecnolog\u00eda del calzado moderna aporta la comodidad del siglo XXI.\" \/>\n<meta property=\"og:url\" content=\"https:\/\/cjiang1.upv.edu.es\/?product=nike-dunk-low-retro\" \/>\n<meta property=\"article:modified_time\" content=\"2024-05-16T16:34:58+00:00\" \/>\n<meta property=\"og:image\" content=\"https:\/\/cjiang1.upv.edu.es\/wp-content\/uploads\/2024\/05\/dunk-low-retro-zapatillas-wwlDHh.png\" \/>\n\t<meta property=\"og:image:width\" content=\"1728\" \/>\n\t<meta property=\"og:image:height\" content=\"2160\" \/>\n\t<meta property=\"og:image:type\" content=\"image\/png\" \/>\n<meta name=\"twitter:card\" content=\"summary_large_image\" \/>\n<meta name=\"twitter:label1\" content=\"Tiempo de lectura\" \/>\n\t<meta name=\"twitter:data1\" content=\"1 minuto\" \/>\n<script type=\"application\/ld+json\" class=\"yoast-schema-graph\">{\"@context\":\"https:\\\/\\\/schema.org\",\"@graph\":[{\"@type\":\"WebPage\",\"@id\":\"https:\\\/\\\/cjiang1.upv.edu.es\\\/?product=nike-dunk-low-retro\",\"url\":\"https:\\\/\\\/cjiang1.upv.edu.es\\\/?product=nike-dunk-low-retro\",\"name\":\"Nike Dunk Low Retro -\",\"isPartOf\":{\"@id\":\"https:\\\/\\\/cjiang1.upv.edu.es\\\/#website\"},\"primaryImageOfPage\":{\"@id\":\"https:\\\/\\\/cjiang1.upv.edu.es\\\/?product=nike-dunk-low-retro#primaryimage\"},\"image\":{\"@id\":\"https:\\\/\\\/cjiang1.upv.edu.es\\\/?product=nike-dunk-low-retro#primaryimage\"},\"thumbnailUrl\":\"https:\\\/\\\/cjiang1.upv.edu.es\\\/wp-content\\\/uploads\\\/2024\\\/05\\\/dunk-low-retro-zapatillas-wwlDHh.png\",\"datePublished\":\"2024-05-08T15:45:12+00:00\",\"dateModified\":\"2024-05-16T16:34:58+00:00\",\"breadcrumb\":{\"@id\":\"https:\\\/\\\/cjiang1.upv.edu.es\\\/?product=nike-dunk-low-retro#breadcrumb\"},\"inLanguage\":\"es\",\"potentialAction\":[{\"@type\":\"ReadAction\",\"target\":[\"https:\\\/\\\/cjiang1.upv.edu.es\\\/?product=nike-dunk-low-retro\"]}]},{\"@type\":\"ImageObject\",\"inLanguage\":\"es\",\"@id\":\"https:\\\/\\\/cjiang1.upv.edu.es\\\/?product=nike-dunk-low-retro#primaryimage\",\"url\":\"https:\\\/\\\/cjiang1.upv.edu.es\\\/wp-content\\\/uploads\\\/2024\\\/05\\\/dunk-low-retro-zapatillas-wwlDHh.png\",\"contentUrl\":\"https:\\\/\\\/cjiang1.upv.edu.es\\\/wp-content\\\/uploads\\\/2024\\\/05\\\/dunk-low-retro-zapatillas-wwlDHh.png\",\"width\":1728,\"height\":2160},{\"@type\":\"BreadcrumbList\",\"@id\":\"https:\\\/\\\/cjiang1.upv.edu.es\\\/?product=nike-dunk-low-retro#breadcrumb\",\"itemListElement\":[{\"@type\":\"ListItem\",\"position\":1,\"name\":\"Portada\",\"item\":\"https:\\\/\\\/cjiang1.upv.edu.es\\\/\"},{\"@type\":\"ListItem\",\"position\":2,\"name\":\"Shop\",\"item\":\"https:\\\/\\\/cjiang1.upv.edu.es\\\/?page_id=7\"},{\"@type\":\"ListItem\",\"position\":3,\"name\":\"Nike Dunk Low Retro\"}]},{\"@type\":\"WebSite\",\"@id\":\"https:\\\/\\\/cjiang1.upv.edu.es\\\/#website\",\"url\":\"https:\\\/\\\/cjiang1.upv.edu.es\\\/\",\"name\":\"Npcnt\",\"description\":\"NPCnt\",\"publisher\":{\"@id\":\"https:\\\/\\\/cjiang1.upv.edu.es\\\/#organization\"},\"potentialAction\":[{\"@type\":\"SearchAction\",\"target\":{\"@type\":\"EntryPoint\",\"urlTemplate\":\"https:\\\/\\\/cjiang1.upv.edu.es\\\/?s={search_term_string}\"},\"query-input\":{\"@type\":\"PropertyValueSpecification\",\"valueRequired\":true,\"valueName\":\"search_term_string\"}}],\"inLanguage\":\"es\"},{\"@type\":\"Organization\",\"@id\":\"https:\\\/\\\/cjiang1.upv.edu.es\\\/#organization\",\"name\":\"Npcnt SL\",\"url\":\"https:\\\/\\\/cjiang1.upv.edu.es\\\/\",\"logo\":{\"@type\":\"ImageObject\",\"inLanguage\":\"es\",\"@id\":\"https:\\\/\\\/cjiang1.upv.edu.es\\\/#\\\/schema\\\/logo\\\/image\\\/\",\"url\":\"https:\\\/\\\/cjiang1.upv.edu.es\\\/wp-content\\\/uploads\\\/2024\\\/05\\\/IMG_1034-edited.png\",\"contentUrl\":\"https:\\\/\\\/cjiang1.upv.edu.es\\\/wp-content\\\/uploads\\\/2024\\\/05\\\/IMG_1034-edited.png\",\"width\":341,\"height\":341,\"caption\":\"Npcnt SL\"},\"image\":{\"@id\":\"https:\\\/\\\/cjiang1.upv.edu.es\\\/#\\\/schema\\\/logo\\\/image\\\/\"}}]}<\/script>\n<!-- \/ Yoast SEO plugin. -->","yoast_head_json":{"title":"Nike Dunk Low Retro -","robots":{"index":"index","follow":"follow","max-snippet":"max-snippet:-1","max-image-preview":"max-image-preview:large","max-video-preview":"max-video-preview:-1"},"canonical":"https:\/\/cjiang1.upv.edu.es\/?product=nike-dunk-low-retro","og_locale":"es_ES","og_type":"article","og_title":"Nike Dunk Low Retro -","og_description":"Las Nike Dunk Low Retro, que se crearon para el parqu\u00e9 y terminaron dominando las calles, vuelven con revestimientos impecables y los colores del equipo originales. Este icono de baloncesto rinde homenaje al estilo de los 80 con una parte superior de piel premium que ofrece un look excelente. La tecnolog\u00eda del calzado moderna aporta la comodidad del siglo XXI.","og_url":"https:\/\/cjiang1.upv.edu.es\/?product=nike-dunk-low-retro","article_modified_time":"2024-05-16T16:34:58+00:00","og_image":[{"width":1728,"height":2160,"url":"https:\/\/cjiang1.upv.edu.es\/wp-content\/uploads\/2024\/05\/dunk-low-retro-zapatillas-wwlDHh.png","type":"image\/png"}],"twitter_card":"summary_large_image","twitter_misc":{"Tiempo de lectura":"1 minuto"},"schema":{"@context":"https:\/\/schema.org","@graph":[{"@type":"WebPage","@id":"https:\/\/cjiang1.upv.edu.es\/?product=nike-dunk-low-retro","url":"https:\/\/cjiang1.upv.edu.es\/?product=nike-dunk-low-retro","name":"Nike Dunk Low Retro -","isPartOf":{"@id":"https:\/\/cjiang1.upv.edu.es\/#website"},"primaryImageOfPage":{"@id":"https:\/\/cjiang1.upv.edu.es\/?product=nike-dunk-low-retro#primaryimage"},"image":{"@id":"https:\/\/cjiang1.upv.edu.es\/?product=nike-dunk-low-retro#primaryimage"},"thumbnailUrl":"https:\/\/cjiang1.upv.edu.es\/wp-content\/uploads\/2024\/05\/dunk-low-retro-zapatillas-wwlDHh.png","datePublished":"2024-05-08T15:45:12+00:00","dateModified":"2024-05-16T16:34:58+00:00","breadcrumb":{"@id":"https:\/\/cjiang1.upv.edu.es\/?product=nike-dunk-low-retro#breadcrumb"},"inLanguage":"es","potentialAction":[{"@type":"ReadAction","target":["https:\/\/cjiang1.upv.edu.es\/?product=nike-dunk-low-retro"]}]},{"@type":"ImageObject","inLanguage":"es","@id":"https:\/\/cjiang1.upv.edu.es\/?product=nike-dunk-low-retro#primaryimage","url":"https:\/\/cjiang1.upv.edu.es\/wp-content\/uploads\/2024\/05\/dunk-low-retro-zapatillas-wwlDHh.png","contentUrl":"https:\/\/cjiang1.upv.edu.es\/wp-content\/uploads\/2024\/05\/dunk-low-retro-zapatillas-wwlDHh.png","width":1728,"height":2160},{"@type":"BreadcrumbList","@id":"https:\/\/cjiang1.upv.edu.es\/?product=nike-dunk-low-retro#breadcrumb","itemListElement":[{"@type":"ListItem","position":1,"name":"Portada","item":"https:\/\/cjiang1.upv.edu.es\/"},{"@type":"ListItem","position":2,"name":"Shop","item":"https:\/\/cjiang1.upv.edu.es\/?page_id=7"},{"@type":"ListItem","position":3,"name":"Nike Dunk Low Retro"}]},{"@type":"WebSite","@id":"https:\/\/cjiang1.upv.edu.es\/#website","url":"https:\/\/cjiang1.upv.edu.es\/","name":"Npcnt","description":"NPCnt","publisher":{"@id":"https:\/\/cjiang1.upv.edu.es\/#organization"},"potentialAction":[{"@type":"SearchAction","target":{"@type":"EntryPoint","urlTemplate":"https:\/\/cjiang1.upv.edu.es\/?s={search_term_string}"},"query-input":{"@type":"PropertyValueSpecification","valueRequired":true,"valueName":"search_term_string"}}],"inLanguage":"es"},{"@type":"Organization","@id":"https:\/\/cjiang1.upv.edu.es\/#organization","name":"Npcnt SL","url":"https:\/\/cjiang1.upv.edu.es\/","logo":{"@type":"ImageObject","inLanguage":"es","@id":"https:\/\/cjiang1.upv.edu.es\/#\/schema\/logo\/image\/","url":"https:\/\/cjiang1.upv.edu.es\/wp-content\/uploads\/2024\/05\/IMG_1034-edited.png","contentUrl":"https:\/\/cjiang1.upv.edu.es\/wp-content\/uploads\/2024\/05\/IMG_1034-edited.png","width":341,"height":341,"caption":"Npcnt SL"},"image":{"@id":"https:\/\/cjiang1.upv.edu.es\/#\/schema\/logo\/image\/"}}]}},"_links":{"self":[{"href":"https:\/\/cjiang1.upv.edu.es\/index.php?rest_route=\/wp\/v2\/product\/56","targetHints":{"allow":["GET"]}}],"collection":[{"href":"https:\/\/cjiang1.upv.edu.es\/index.php?rest_route=\/wp\/v2\/product"}],"about":[{"href":"https:\/\/cjiang1.upv.edu.es\/index.php?rest_route=\/wp\/v2\/types\/product"}],"replies":[{"embeddable":true,"href":"https:\/\/cjiang1.upv.edu.es\/index.php?rest_route=%2Fwp%2Fv2%2Fcomments&post=56"}],"wp:featuredmedia":[{"embeddable":true,"href":"https:\/\/cjiang1.upv.edu.es\/index.php?rest_route=\/wp\/v2\/media\/57"}],"wp:attachment":[{"href":"https:\/\/cjiang1.upv.edu.es\/index.php?rest_route=%2Fwp%2Fv2%2Fmedia&parent=56"}],"wp:term":[{"taxonomy":"product_brand","embeddable":true,"href":"https:\/\/cjiang1.upv.edu.es\/index.php?rest_route=%2Fwp%2Fv2%2Fproduct_brand&post=56"},{"taxonomy":"product_cat","embeddable":true,"href":"https:\/\/cjiang1.upv.edu.es\/index.php?rest_route=%2Fwp%2Fv2%2Fproduct_cat&post=56"},{"taxonomy":"product_tag","embeddable":true,"href":"https:\/\/cjiang1.upv.edu.es\/index.php?rest_route=%2Fwp%2Fv2%2Fproduct_tag&post=56"}],"curies":[{"name":"wp","href":"https:\/\/api.w.org\/{rel}","templated":true}]}}