{"id":271,"date":"2024-05-18T19:32:45","date_gmt":"2024-05-18T17:32:45","guid":{"rendered":"https:\/\/cjiang1.upv.edu.es\/?post_type=product&#038;p=271"},"modified":"2024-05-18T19:45:51","modified_gmt":"2024-05-18T17:45:51","slug":"adidas-stan-smith-bansky","status":"publish","type":"product","link":"https:\/\/cjiang1.upv.edu.es\/?product=adidas-stan-smith-bansky","title":{"rendered":"Adidas Stan Smith &#8211; Bansky"},"content":{"rendered":"<p>Adem\u00e1s de su dise\u00f1o llamativo, estas zapatillas ofrecen una calidad excepcional. La parte superior est\u00e1 hecha de cuero, lo que garantiza durabilidad y resistencia al desgaste. La suela de goma proporciona una tracci\u00f3n superior en cualquier superficie y la comodidad necesaria para llevarlas durante todo el d\u00eda.<\/p>\n<p>Con estas zapatillas customizadas, podr\u00e1s destacar en cualquier ocasi\u00f3n. Ya sea que las uses para salir a pasear, ir al trabajo o incluso para eventos m\u00e1s formales, estar\u00e1s luciendo un calzado \u00fanico y lleno de estilo. Adem\u00e1s, al usar estas zapatillas, estar\u00e1s mostrando tu aprecio por el arte de Bansky, un artista que ha dejado huella en la historia del arte callejero.<\/p>\n<p>No pierdas la oportunidad de a\u00f1adir estas incre\u00edbles zapatillas customizadas a tu colecci\u00f3n. \u00a1Destaca entre la multitud y muestra tu personalidad a trav\u00e9s del arte en tus pies!<\/p>\n","protected":false},"excerpt":{"rendered":"<div class=\"woocommerce-product-details__short-description\">\n<p>Estas zapatillas customizadas Adidas Stan Smith son una verdadera obra de arte. Presentan un dise\u00f1o exclusivo de Bansky, uno de los artistas callejeros m\u00e1s reconocidos a nivel mundial. En estas zapatillas, encontrar\u00e1s impreso el famoso dibujo de la ni\u00f1a con el globo, as\u00ed como el ic\u00f3nico lanzador de flores.<\/p>\n<\/div>\n","protected":false},"featured_media":267,"comment_status":"open","ping_status":"closed","template":"","meta":[],"product_brand":[],"product_cat":[39],"product_tag":[],"class_list":{"0":"post-271","1":"product","2":"type-product","3":"status-publish","4":"has-post-thumbnail","6":"product_cat-museum-style","7":"yith_product_brand-adidas","9":"first","10":"instock","11":"taxable","12":"shipping-taxable","13":"purchasable","14":"product-type-variable","15":"has-default-attributes"},"yoast_head":"<!-- This site is optimized with the Yoast SEO plugin v27.3 - https:\/\/yoast.com\/product\/yoast-seo-wordpress\/ -->\n<title>Adidas Stan Smith - Bansky -<\/title>\n<meta name=\"robots\" content=\"index, follow, max-snippet:-1, max-image-preview:large, max-video-preview:-1\" \/>\n<link rel=\"canonical\" href=\"https:\/\/cjiang1.upv.edu.es\/?product=adidas-stan-smith-bansky\" \/>\n<meta property=\"og:locale\" content=\"es_ES\" \/>\n<meta property=\"og:type\" content=\"article\" \/>\n<meta property=\"og:title\" content=\"Adidas Stan Smith - Bansky -\" \/>\n<meta property=\"og:description\" content=\"Estas zapatillas customizadas Adidas Stan Smith son una verdadera obra de arte. Presentan un dise\u00f1o exclusivo de Bansky, uno de los artistas callejeros m\u00e1s reconocidos a nivel mundial. En estas zapatillas, encontrar\u00e1s impreso el famoso dibujo de la ni\u00f1a con el globo, as\u00ed como el ic\u00f3nico lanzador de flores.\" \/>\n<meta property=\"og:url\" content=\"https:\/\/cjiang1.upv.edu.es\/?product=adidas-stan-smith-bansky\" \/>\n<meta property=\"article:modified_time\" content=\"2024-05-18T17:45:51+00:00\" \/>\n<meta property=\"og:image\" content=\"https:\/\/cjiang1.upv.edu.es\/wp-content\/uploads\/2024\/05\/2-16.png\" \/>\n\t<meta property=\"og:image:width\" content=\"1140\" \/>\n\t<meta property=\"og:image:height\" content=\"1424\" \/>\n\t<meta property=\"og:image:type\" content=\"image\/png\" \/>\n<meta name=\"twitter:card\" content=\"summary_large_image\" \/>\n<meta name=\"twitter:label1\" content=\"Tiempo de lectura\" \/>\n\t<meta name=\"twitter:data1\" content=\"1 minuto\" \/>\n<script type=\"application\/ld+json\" class=\"yoast-schema-graph\">{\"@context\":\"https:\\\/\\\/schema.org\",\"@graph\":[{\"@type\":\"WebPage\",\"@id\":\"https:\\\/\\\/cjiang1.upv.edu.es\\\/?product=adidas-stan-smith-bansky\",\"url\":\"https:\\\/\\\/cjiang1.upv.edu.es\\\/?product=adidas-stan-smith-bansky\",\"name\":\"Adidas Stan Smith - Bansky -\",\"isPartOf\":{\"@id\":\"https:\\\/\\\/cjiang1.upv.edu.es\\\/#website\"},\"primaryImageOfPage\":{\"@id\":\"https:\\\/\\\/cjiang1.upv.edu.es\\\/?product=adidas-stan-smith-bansky#primaryimage\"},\"image\":{\"@id\":\"https:\\\/\\\/cjiang1.upv.edu.es\\\/?product=adidas-stan-smith-bansky#primaryimage\"},\"thumbnailUrl\":\"https:\\\/\\\/cjiang1.upv.edu.es\\\/wp-content\\\/uploads\\\/2024\\\/05\\\/2-16.png\",\"datePublished\":\"2024-05-18T17:32:45+00:00\",\"dateModified\":\"2024-05-18T17:45:51+00:00\",\"breadcrumb\":{\"@id\":\"https:\\\/\\\/cjiang1.upv.edu.es\\\/?product=adidas-stan-smith-bansky#breadcrumb\"},\"inLanguage\":\"es\",\"potentialAction\":[{\"@type\":\"ReadAction\",\"target\":[\"https:\\\/\\\/cjiang1.upv.edu.es\\\/?product=adidas-stan-smith-bansky\"]}]},{\"@type\":\"ImageObject\",\"inLanguage\":\"es\",\"@id\":\"https:\\\/\\\/cjiang1.upv.edu.es\\\/?product=adidas-stan-smith-bansky#primaryimage\",\"url\":\"https:\\\/\\\/cjiang1.upv.edu.es\\\/wp-content\\\/uploads\\\/2024\\\/05\\\/2-16.png\",\"contentUrl\":\"https:\\\/\\\/cjiang1.upv.edu.es\\\/wp-content\\\/uploads\\\/2024\\\/05\\\/2-16.png\",\"width\":1140,\"height\":1424},{\"@type\":\"BreadcrumbList\",\"@id\":\"https:\\\/\\\/cjiang1.upv.edu.es\\\/?product=adidas-stan-smith-bansky#breadcrumb\",\"itemListElement\":[{\"@type\":\"ListItem\",\"position\":1,\"name\":\"Portada\",\"item\":\"https:\\\/\\\/cjiang1.upv.edu.es\\\/\"},{\"@type\":\"ListItem\",\"position\":2,\"name\":\"Shop\",\"item\":\"https:\\\/\\\/cjiang1.upv.edu.es\\\/?page_id=7\"},{\"@type\":\"ListItem\",\"position\":3,\"name\":\"Adidas Stan Smith &#8211; Bansky\"}]},{\"@type\":\"WebSite\",\"@id\":\"https:\\\/\\\/cjiang1.upv.edu.es\\\/#website\",\"url\":\"https:\\\/\\\/cjiang1.upv.edu.es\\\/\",\"name\":\"Npcnt\",\"description\":\"NPCnt\",\"publisher\":{\"@id\":\"https:\\\/\\\/cjiang1.upv.edu.es\\\/#organization\"},\"potentialAction\":[{\"@type\":\"SearchAction\",\"target\":{\"@type\":\"EntryPoint\",\"urlTemplate\":\"https:\\\/\\\/cjiang1.upv.edu.es\\\/?s={search_term_string}\"},\"query-input\":{\"@type\":\"PropertyValueSpecification\",\"valueRequired\":true,\"valueName\":\"search_term_string\"}}],\"inLanguage\":\"es\"},{\"@type\":\"Organization\",\"@id\":\"https:\\\/\\\/cjiang1.upv.edu.es\\\/#organization\",\"name\":\"Npcnt SL\",\"url\":\"https:\\\/\\\/cjiang1.upv.edu.es\\\/\",\"logo\":{\"@type\":\"ImageObject\",\"inLanguage\":\"es\",\"@id\":\"https:\\\/\\\/cjiang1.upv.edu.es\\\/#\\\/schema\\\/logo\\\/image\\\/\",\"url\":\"https:\\\/\\\/cjiang1.upv.edu.es\\\/wp-content\\\/uploads\\\/2024\\\/05\\\/IMG_1034-edited.png\",\"contentUrl\":\"https:\\\/\\\/cjiang1.upv.edu.es\\\/wp-content\\\/uploads\\\/2024\\\/05\\\/IMG_1034-edited.png\",\"width\":341,\"height\":341,\"caption\":\"Npcnt SL\"},\"image\":{\"@id\":\"https:\\\/\\\/cjiang1.upv.edu.es\\\/#\\\/schema\\\/logo\\\/image\\\/\"}}]}<\/script>\n<!-- \/ Yoast SEO plugin. -->","yoast_head_json":{"title":"Adidas Stan Smith - Bansky -","robots":{"index":"index","follow":"follow","max-snippet":"max-snippet:-1","max-image-preview":"max-image-preview:large","max-video-preview":"max-video-preview:-1"},"canonical":"https:\/\/cjiang1.upv.edu.es\/?product=adidas-stan-smith-bansky","og_locale":"es_ES","og_type":"article","og_title":"Adidas Stan Smith - Bansky -","og_description":"Estas zapatillas customizadas Adidas Stan Smith son una verdadera obra de arte. Presentan un dise\u00f1o exclusivo de Bansky, uno de los artistas callejeros m\u00e1s reconocidos a nivel mundial. En estas zapatillas, encontrar\u00e1s impreso el famoso dibujo de la ni\u00f1a con el globo, as\u00ed como el ic\u00f3nico lanzador de flores.","og_url":"https:\/\/cjiang1.upv.edu.es\/?product=adidas-stan-smith-bansky","article_modified_time":"2024-05-18T17:45:51+00:00","og_image":[{"width":1140,"height":1424,"url":"https:\/\/cjiang1.upv.edu.es\/wp-content\/uploads\/2024\/05\/2-16.png","type":"image\/png"}],"twitter_card":"summary_large_image","twitter_misc":{"Tiempo de lectura":"1 minuto"},"schema":{"@context":"https:\/\/schema.org","@graph":[{"@type":"WebPage","@id":"https:\/\/cjiang1.upv.edu.es\/?product=adidas-stan-smith-bansky","url":"https:\/\/cjiang1.upv.edu.es\/?product=adidas-stan-smith-bansky","name":"Adidas Stan Smith - Bansky -","isPartOf":{"@id":"https:\/\/cjiang1.upv.edu.es\/#website"},"primaryImageOfPage":{"@id":"https:\/\/cjiang1.upv.edu.es\/?product=adidas-stan-smith-bansky#primaryimage"},"image":{"@id":"https:\/\/cjiang1.upv.edu.es\/?product=adidas-stan-smith-bansky#primaryimage"},"thumbnailUrl":"https:\/\/cjiang1.upv.edu.es\/wp-content\/uploads\/2024\/05\/2-16.png","datePublished":"2024-05-18T17:32:45+00:00","dateModified":"2024-05-18T17:45:51+00:00","breadcrumb":{"@id":"https:\/\/cjiang1.upv.edu.es\/?product=adidas-stan-smith-bansky#breadcrumb"},"inLanguage":"es","potentialAction":[{"@type":"ReadAction","target":["https:\/\/cjiang1.upv.edu.es\/?product=adidas-stan-smith-bansky"]}]},{"@type":"ImageObject","inLanguage":"es","@id":"https:\/\/cjiang1.upv.edu.es\/?product=adidas-stan-smith-bansky#primaryimage","url":"https:\/\/cjiang1.upv.edu.es\/wp-content\/uploads\/2024\/05\/2-16.png","contentUrl":"https:\/\/cjiang1.upv.edu.es\/wp-content\/uploads\/2024\/05\/2-16.png","width":1140,"height":1424},{"@type":"BreadcrumbList","@id":"https:\/\/cjiang1.upv.edu.es\/?product=adidas-stan-smith-bansky#breadcrumb","itemListElement":[{"@type":"ListItem","position":1,"name":"Portada","item":"https:\/\/cjiang1.upv.edu.es\/"},{"@type":"ListItem","position":2,"name":"Shop","item":"https:\/\/cjiang1.upv.edu.es\/?page_id=7"},{"@type":"ListItem","position":3,"name":"Adidas Stan Smith &#8211; Bansky"}]},{"@type":"WebSite","@id":"https:\/\/cjiang1.upv.edu.es\/#website","url":"https:\/\/cjiang1.upv.edu.es\/","name":"Npcnt","description":"NPCnt","publisher":{"@id":"https:\/\/cjiang1.upv.edu.es\/#organization"},"potentialAction":[{"@type":"SearchAction","target":{"@type":"EntryPoint","urlTemplate":"https:\/\/cjiang1.upv.edu.es\/?s={search_term_string}"},"query-input":{"@type":"PropertyValueSpecification","valueRequired":true,"valueName":"search_term_string"}}],"inLanguage":"es"},{"@type":"Organization","@id":"https:\/\/cjiang1.upv.edu.es\/#organization","name":"Npcnt SL","url":"https:\/\/cjiang1.upv.edu.es\/","logo":{"@type":"ImageObject","inLanguage":"es","@id":"https:\/\/cjiang1.upv.edu.es\/#\/schema\/logo\/image\/","url":"https:\/\/cjiang1.upv.edu.es\/wp-content\/uploads\/2024\/05\/IMG_1034-edited.png","contentUrl":"https:\/\/cjiang1.upv.edu.es\/wp-content\/uploads\/2024\/05\/IMG_1034-edited.png","width":341,"height":341,"caption":"Npcnt SL"},"image":{"@id":"https:\/\/cjiang1.upv.edu.es\/#\/schema\/logo\/image\/"}}]}},"_links":{"self":[{"href":"https:\/\/cjiang1.upv.edu.es\/index.php?rest_route=\/wp\/v2\/product\/271","targetHints":{"allow":["GET"]}}],"collection":[{"href":"https:\/\/cjiang1.upv.edu.es\/index.php?rest_route=\/wp\/v2\/product"}],"about":[{"href":"https:\/\/cjiang1.upv.edu.es\/index.php?rest_route=\/wp\/v2\/types\/product"}],"replies":[{"embeddable":true,"href":"https:\/\/cjiang1.upv.edu.es\/index.php?rest_route=%2Fwp%2Fv2%2Fcomments&post=271"}],"wp:featuredmedia":[{"embeddable":true,"href":"https:\/\/cjiang1.upv.edu.es\/index.php?rest_route=\/wp\/v2\/media\/267"}],"wp:attachment":[{"href":"https:\/\/cjiang1.upv.edu.es\/index.php?rest_route=%2Fwp%2Fv2%2Fmedia&parent=271"}],"wp:term":[{"taxonomy":"product_brand","embeddable":true,"href":"https:\/\/cjiang1.upv.edu.es\/index.php?rest_route=%2Fwp%2Fv2%2Fproduct_brand&post=271"},{"taxonomy":"product_cat","embeddable":true,"href":"https:\/\/cjiang1.upv.edu.es\/index.php?rest_route=%2Fwp%2Fv2%2Fproduct_cat&post=271"},{"taxonomy":"product_tag","embeddable":true,"href":"https:\/\/cjiang1.upv.edu.es\/index.php?rest_route=%2Fwp%2Fv2%2Fproduct_tag&post=271"}],"curies":[{"name":"wp","href":"https:\/\/api.w.org\/{rel}","templated":true}]}}