{"id":234,"date":"2024-05-18T19:08:15","date_gmt":"2024-05-18T17:08:15","guid":{"rendered":"https:\/\/cjiang1.upv.edu.es\/?post_type=product&#038;p=234"},"modified":"2024-05-18T19:44:43","modified_gmt":"2024-05-18T17:44:43","slug":"adidas-stan-smith-sonic","status":"publish","type":"product","link":"https:\/\/cjiang1.upv.edu.es\/?product=adidas-stan-smith-sonic","title":{"rendered":"Adidas Stan Smith &#8211; Sonic"},"content":{"rendered":"<p>Estas zapatillas personalizadas de Adidas Stan Smith son el complemento perfecto para los fan\u00e1ticos del famoso videojuego Sonic. Adem\u00e1s de ser extremadamente c\u00f3modas, est\u00e1n dise\u00f1adas con una amplia gama de colores vibrantes y un estilo \u00fanico que captura a la perfecci\u00f3n la esencia del carism\u00e1tico personaje principal. Tambi\u00e9n incorporan detalles personalizados que hacen referencia a elementos ic\u00f3nicos del juego, como los m\u00edticos anillos dorados y la emblem\u00e1tica imagen del veloz erizo azul. Con estas excepcionales zapatillas, podr\u00e1s mostrar con orgullo tu pasi\u00f3n por Sonic y destacar en cualquier ocasi\u00f3n, ya sea en un emocionante evento de videojuegos, una relajada salida casual o simplemente en tu d\u00eda a d\u00eda. \u00a1No dejes pasar la oportunidad de adquirir este exclusivo calzado que fusiona la moda con tu inmenso amor por Sonic!<\/p>\n","protected":false},"excerpt":{"rendered":"<p>Las Adidas Stan Smith customizadas de Sonic son el complemento perfecto para los fan\u00e1ticos del famoso videojuego. Estas zapatillas \u00fanicas est\u00e1n pintadas a mano con dise\u00f1os de Sonic en ambas caras externas, lo que las convierte en una opci\u00f3n imprescindible para los amantes de los juegos cl\u00e1sicos.<\/p>\n","protected":false},"featured_media":230,"comment_status":"open","ping_status":"closed","template":"","meta":[],"product_brand":[],"product_cat":[34,20],"product_tag":[],"class_list":{"0":"post-234","1":"product","2":"type-product","3":"status-publish","4":"has-post-thumbnail","6":"product_cat-sonic","7":"product_cat-zapatillas","8":"yith_product_brand-adidas","10":"first","11":"instock","12":"taxable","13":"shipping-taxable","14":"purchasable","15":"product-type-variable","16":"has-default-attributes"},"yoast_head":"<!-- This site is optimized with the Yoast SEO plugin v27.3 - https:\/\/yoast.com\/product\/yoast-seo-wordpress\/ -->\n<title>Adidas Stan Smith - Sonic -<\/title>\n<meta name=\"robots\" content=\"index, follow, max-snippet:-1, max-image-preview:large, max-video-preview:-1\" \/>\n<link rel=\"canonical\" href=\"https:\/\/cjiang1.upv.edu.es\/?product=adidas-stan-smith-sonic\" \/>\n<meta property=\"og:locale\" content=\"es_ES\" \/>\n<meta property=\"og:type\" content=\"article\" \/>\n<meta property=\"og:title\" content=\"Adidas Stan Smith - Sonic -\" \/>\n<meta property=\"og:description\" content=\"Las Adidas Stan Smith customizadas de Sonic son el complemento perfecto para los fan\u00e1ticos del famoso videojuego. Estas zapatillas \u00fanicas est\u00e1n pintadas a mano con dise\u00f1os de Sonic en ambas caras externas, lo que las convierte en una opci\u00f3n imprescindible para los amantes de los juegos cl\u00e1sicos.\" \/>\n<meta property=\"og:url\" content=\"https:\/\/cjiang1.upv.edu.es\/?product=adidas-stan-smith-sonic\" \/>\n<meta property=\"article:modified_time\" content=\"2024-05-18T17:44:43+00:00\" \/>\n<meta property=\"og:image\" content=\"https:\/\/cjiang1.upv.edu.es\/wp-content\/uploads\/2024\/05\/3sonic.png\" \/>\n\t<meta property=\"og:image:width\" content=\"2394\" \/>\n\t<meta property=\"og:image:height\" content=\"2992\" \/>\n\t<meta property=\"og:image:type\" content=\"image\/png\" \/>\n<meta name=\"twitter:card\" content=\"summary_large_image\" \/>\n<meta name=\"twitter:label1\" content=\"Tiempo de lectura\" \/>\n\t<meta name=\"twitter:data1\" content=\"1 minuto\" \/>\n<script type=\"application\/ld+json\" class=\"yoast-schema-graph\">{\"@context\":\"https:\\\/\\\/schema.org\",\"@graph\":[{\"@type\":\"WebPage\",\"@id\":\"https:\\\/\\\/cjiang1.upv.edu.es\\\/?product=adidas-stan-smith-sonic\",\"url\":\"https:\\\/\\\/cjiang1.upv.edu.es\\\/?product=adidas-stan-smith-sonic\",\"name\":\"Adidas Stan Smith - Sonic -\",\"isPartOf\":{\"@id\":\"https:\\\/\\\/cjiang1.upv.edu.es\\\/#website\"},\"primaryImageOfPage\":{\"@id\":\"https:\\\/\\\/cjiang1.upv.edu.es\\\/?product=adidas-stan-smith-sonic#primaryimage\"},\"image\":{\"@id\":\"https:\\\/\\\/cjiang1.upv.edu.es\\\/?product=adidas-stan-smith-sonic#primaryimage\"},\"thumbnailUrl\":\"https:\\\/\\\/cjiang1.upv.edu.es\\\/wp-content\\\/uploads\\\/2024\\\/05\\\/3sonic.png\",\"datePublished\":\"2024-05-18T17:08:15+00:00\",\"dateModified\":\"2024-05-18T17:44:43+00:00\",\"breadcrumb\":{\"@id\":\"https:\\\/\\\/cjiang1.upv.edu.es\\\/?product=adidas-stan-smith-sonic#breadcrumb\"},\"inLanguage\":\"es\",\"potentialAction\":[{\"@type\":\"ReadAction\",\"target\":[\"https:\\\/\\\/cjiang1.upv.edu.es\\\/?product=adidas-stan-smith-sonic\"]}]},{\"@type\":\"ImageObject\",\"inLanguage\":\"es\",\"@id\":\"https:\\\/\\\/cjiang1.upv.edu.es\\\/?product=adidas-stan-smith-sonic#primaryimage\",\"url\":\"https:\\\/\\\/cjiang1.upv.edu.es\\\/wp-content\\\/uploads\\\/2024\\\/05\\\/3sonic.png\",\"contentUrl\":\"https:\\\/\\\/cjiang1.upv.edu.es\\\/wp-content\\\/uploads\\\/2024\\\/05\\\/3sonic.png\",\"width\":2394,\"height\":2992},{\"@type\":\"BreadcrumbList\",\"@id\":\"https:\\\/\\\/cjiang1.upv.edu.es\\\/?product=adidas-stan-smith-sonic#breadcrumb\",\"itemListElement\":[{\"@type\":\"ListItem\",\"position\":1,\"name\":\"Portada\",\"item\":\"https:\\\/\\\/cjiang1.upv.edu.es\\\/\"},{\"@type\":\"ListItem\",\"position\":2,\"name\":\"Shop\",\"item\":\"https:\\\/\\\/cjiang1.upv.edu.es\\\/?page_id=7\"},{\"@type\":\"ListItem\",\"position\":3,\"name\":\"Adidas Stan Smith &#8211; Sonic\"}]},{\"@type\":\"WebSite\",\"@id\":\"https:\\\/\\\/cjiang1.upv.edu.es\\\/#website\",\"url\":\"https:\\\/\\\/cjiang1.upv.edu.es\\\/\",\"name\":\"Npcnt\",\"description\":\"NPCnt\",\"publisher\":{\"@id\":\"https:\\\/\\\/cjiang1.upv.edu.es\\\/#organization\"},\"potentialAction\":[{\"@type\":\"SearchAction\",\"target\":{\"@type\":\"EntryPoint\",\"urlTemplate\":\"https:\\\/\\\/cjiang1.upv.edu.es\\\/?s={search_term_string}\"},\"query-input\":{\"@type\":\"PropertyValueSpecification\",\"valueRequired\":true,\"valueName\":\"search_term_string\"}}],\"inLanguage\":\"es\"},{\"@type\":\"Organization\",\"@id\":\"https:\\\/\\\/cjiang1.upv.edu.es\\\/#organization\",\"name\":\"Npcnt SL\",\"url\":\"https:\\\/\\\/cjiang1.upv.edu.es\\\/\",\"logo\":{\"@type\":\"ImageObject\",\"inLanguage\":\"es\",\"@id\":\"https:\\\/\\\/cjiang1.upv.edu.es\\\/#\\\/schema\\\/logo\\\/image\\\/\",\"url\":\"https:\\\/\\\/cjiang1.upv.edu.es\\\/wp-content\\\/uploads\\\/2024\\\/05\\\/IMG_1034-edited.png\",\"contentUrl\":\"https:\\\/\\\/cjiang1.upv.edu.es\\\/wp-content\\\/uploads\\\/2024\\\/05\\\/IMG_1034-edited.png\",\"width\":341,\"height\":341,\"caption\":\"Npcnt SL\"},\"image\":{\"@id\":\"https:\\\/\\\/cjiang1.upv.edu.es\\\/#\\\/schema\\\/logo\\\/image\\\/\"}}]}<\/script>\n<!-- \/ Yoast SEO plugin. -->","yoast_head_json":{"title":"Adidas Stan Smith - Sonic -","robots":{"index":"index","follow":"follow","max-snippet":"max-snippet:-1","max-image-preview":"max-image-preview:large","max-video-preview":"max-video-preview:-1"},"canonical":"https:\/\/cjiang1.upv.edu.es\/?product=adidas-stan-smith-sonic","og_locale":"es_ES","og_type":"article","og_title":"Adidas Stan Smith - Sonic -","og_description":"Las Adidas Stan Smith customizadas de Sonic son el complemento perfecto para los fan\u00e1ticos del famoso videojuego. Estas zapatillas \u00fanicas est\u00e1n pintadas a mano con dise\u00f1os de Sonic en ambas caras externas, lo que las convierte en una opci\u00f3n imprescindible para los amantes de los juegos cl\u00e1sicos.","og_url":"https:\/\/cjiang1.upv.edu.es\/?product=adidas-stan-smith-sonic","article_modified_time":"2024-05-18T17:44:43+00:00","og_image":[{"width":2394,"height":2992,"url":"https:\/\/cjiang1.upv.edu.es\/wp-content\/uploads\/2024\/05\/3sonic.png","type":"image\/png"}],"twitter_card":"summary_large_image","twitter_misc":{"Tiempo de lectura":"1 minuto"},"schema":{"@context":"https:\/\/schema.org","@graph":[{"@type":"WebPage","@id":"https:\/\/cjiang1.upv.edu.es\/?product=adidas-stan-smith-sonic","url":"https:\/\/cjiang1.upv.edu.es\/?product=adidas-stan-smith-sonic","name":"Adidas Stan Smith - Sonic -","isPartOf":{"@id":"https:\/\/cjiang1.upv.edu.es\/#website"},"primaryImageOfPage":{"@id":"https:\/\/cjiang1.upv.edu.es\/?product=adidas-stan-smith-sonic#primaryimage"},"image":{"@id":"https:\/\/cjiang1.upv.edu.es\/?product=adidas-stan-smith-sonic#primaryimage"},"thumbnailUrl":"https:\/\/cjiang1.upv.edu.es\/wp-content\/uploads\/2024\/05\/3sonic.png","datePublished":"2024-05-18T17:08:15+00:00","dateModified":"2024-05-18T17:44:43+00:00","breadcrumb":{"@id":"https:\/\/cjiang1.upv.edu.es\/?product=adidas-stan-smith-sonic#breadcrumb"},"inLanguage":"es","potentialAction":[{"@type":"ReadAction","target":["https:\/\/cjiang1.upv.edu.es\/?product=adidas-stan-smith-sonic"]}]},{"@type":"ImageObject","inLanguage":"es","@id":"https:\/\/cjiang1.upv.edu.es\/?product=adidas-stan-smith-sonic#primaryimage","url":"https:\/\/cjiang1.upv.edu.es\/wp-content\/uploads\/2024\/05\/3sonic.png","contentUrl":"https:\/\/cjiang1.upv.edu.es\/wp-content\/uploads\/2024\/05\/3sonic.png","width":2394,"height":2992},{"@type":"BreadcrumbList","@id":"https:\/\/cjiang1.upv.edu.es\/?product=adidas-stan-smith-sonic#breadcrumb","itemListElement":[{"@type":"ListItem","position":1,"name":"Portada","item":"https:\/\/cjiang1.upv.edu.es\/"},{"@type":"ListItem","position":2,"name":"Shop","item":"https:\/\/cjiang1.upv.edu.es\/?page_id=7"},{"@type":"ListItem","position":3,"name":"Adidas Stan Smith &#8211; Sonic"}]},{"@type":"WebSite","@id":"https:\/\/cjiang1.upv.edu.es\/#website","url":"https:\/\/cjiang1.upv.edu.es\/","name":"Npcnt","description":"NPCnt","publisher":{"@id":"https:\/\/cjiang1.upv.edu.es\/#organization"},"potentialAction":[{"@type":"SearchAction","target":{"@type":"EntryPoint","urlTemplate":"https:\/\/cjiang1.upv.edu.es\/?s={search_term_string}"},"query-input":{"@type":"PropertyValueSpecification","valueRequired":true,"valueName":"search_term_string"}}],"inLanguage":"es"},{"@type":"Organization","@id":"https:\/\/cjiang1.upv.edu.es\/#organization","name":"Npcnt SL","url":"https:\/\/cjiang1.upv.edu.es\/","logo":{"@type":"ImageObject","inLanguage":"es","@id":"https:\/\/cjiang1.upv.edu.es\/#\/schema\/logo\/image\/","url":"https:\/\/cjiang1.upv.edu.es\/wp-content\/uploads\/2024\/05\/IMG_1034-edited.png","contentUrl":"https:\/\/cjiang1.upv.edu.es\/wp-content\/uploads\/2024\/05\/IMG_1034-edited.png","width":341,"height":341,"caption":"Npcnt SL"},"image":{"@id":"https:\/\/cjiang1.upv.edu.es\/#\/schema\/logo\/image\/"}}]}},"_links":{"self":[{"href":"https:\/\/cjiang1.upv.edu.es\/index.php?rest_route=\/wp\/v2\/product\/234","targetHints":{"allow":["GET"]}}],"collection":[{"href":"https:\/\/cjiang1.upv.edu.es\/index.php?rest_route=\/wp\/v2\/product"}],"about":[{"href":"https:\/\/cjiang1.upv.edu.es\/index.php?rest_route=\/wp\/v2\/types\/product"}],"replies":[{"embeddable":true,"href":"https:\/\/cjiang1.upv.edu.es\/index.php?rest_route=%2Fwp%2Fv2%2Fcomments&post=234"}],"wp:featuredmedia":[{"embeddable":true,"href":"https:\/\/cjiang1.upv.edu.es\/index.php?rest_route=\/wp\/v2\/media\/230"}],"wp:attachment":[{"href":"https:\/\/cjiang1.upv.edu.es\/index.php?rest_route=%2Fwp%2Fv2%2Fmedia&parent=234"}],"wp:term":[{"taxonomy":"product_brand","embeddable":true,"href":"https:\/\/cjiang1.upv.edu.es\/index.php?rest_route=%2Fwp%2Fv2%2Fproduct_brand&post=234"},{"taxonomy":"product_cat","embeddable":true,"href":"https:\/\/cjiang1.upv.edu.es\/index.php?rest_route=%2Fwp%2Fv2%2Fproduct_cat&post=234"},{"taxonomy":"product_tag","embeddable":true,"href":"https:\/\/cjiang1.upv.edu.es\/index.php?rest_route=%2Fwp%2Fv2%2Fproduct_tag&post=234"}],"curies":[{"name":"wp","href":"https:\/\/api.w.org\/{rel}","templated":true}]}}