{"id":191,"date":"2024-05-18T20:01:46","date_gmt":"2024-05-18T18:01:46","guid":{"rendered":"https:\/\/cjiang1.upv.edu.es\/?page_id=191"},"modified":"2024-05-18T20:55:59","modified_gmt":"2024-05-18T18:55:59","slug":"sobre-nosotros","status":"publish","type":"page","link":"https:\/\/cjiang1.upv.edu.es\/?page_id=191","title":{"rendered":"Sobre nosotros"},"content":{"rendered":"<div class=\"wp-block-columns is-layout-flex wp-container-core-columns-is-layout-28f84493 wp-block-columns-is-layout-flex\"><div class=\"wp-block-column is-layout-flow wp-block-column-is-layout-flow\"><\/div>\n\n<div class=\"wp-block-column is-layout-flow wp-block-column-is-layout-flow\"><\/div><\/div><div class=\"wp-block-columns alignwide is-layout-flex wp-container-core-columns-is-layout-62a63864 wp-block-columns-is-layout-flex\" style=\"margin-top:0px;margin-bottom:80px\"><div class=\"wp-block-column is-layout-flow wp-block-column-is-layout-flow\"><div class=\"wp-block-cover is-light\" style=\"min-height:800px;aspect-ratio:unset;\"><span aria-hidden=\"true\" class=\"wp-block-cover__background has-background-dim-0 has-background-dim\" style=\"background-color:#998f8a\"><\/span><img loading=\"lazy\" decoding=\"async\" width=\"928\" height=\"1664\" class=\"wp-block-cover__image-background wp-image-322\" alt=\"\" src=\"http:\/\/cjiang1.upv.edu.es\/wp-content\/uploads\/2024\/05\/unnamed.jpg\" data-object-fit=\"cover\" srcset=\"https:\/\/cjiang1.upv.edu.es\/wp-content\/uploads\/2024\/05\/unnamed.jpg 928w, https:\/\/cjiang1.upv.edu.es\/wp-content\/uploads\/2024\/05\/unnamed-167x300.jpg 167w, https:\/\/cjiang1.upv.edu.es\/wp-content\/uploads\/2024\/05\/unnamed-571x1024.jpg 571w, https:\/\/cjiang1.upv.edu.es\/wp-content\/uploads\/2024\/05\/unnamed-768x1377.jpg 768w, https:\/\/cjiang1.upv.edu.es\/wp-content\/uploads\/2024\/05\/unnamed-857x1536.jpg 857w, https:\/\/cjiang1.upv.edu.es\/wp-content\/uploads\/2024\/05\/unnamed-600x1076.jpg 600w, https:\/\/cjiang1.upv.edu.es\/wp-content\/uploads\/2024\/05\/unnamed-64x115.jpg 64w\" sizes=\"auto, (max-width: 928px) 100vw, 928px\" \/><div class=\"wp-block-cover__inner-container has-global-padding is-layout-constrained wp-block-cover-is-layout-constrained\"><p class=\"has-text-align-center has-large-font-size\"><\/p><\/div><\/div><\/div>\n\n<div class=\"wp-block-column is-vertically-aligned-center is-layout-flow wp-block-column-is-layout-flow\"><div class=\"wp-block-group has-global-padding is-layout-constrained wp-container-core-group-is-layout-4a5aaad9 wp-block-group-is-layout-constrained\" style=\"margin-top:0;margin-bottom:0;padding-top:20px;padding-right:50px;padding-bottom:20px;padding-left:50px\"><div class=\"wp-block-group has-global-padding is-layout-constrained wp-container-core-group-is-layout-cc91c3e3 wp-block-group-is-layout-constrained\"><div class=\"wp-block-group has-global-padding is-layout-constrained wp-container-core-group-is-layout-e415b0de wp-block-group-is-layout-constrained\"><p class=\"has-large-font-size\"><strong>Nuestra misi\u00f3n<\/strong><\/p>\n\n<p>En NPCNT, nos dedicamos a ofrecer ropa personalizada de alta calidad que refleje tu individualidad y creatividad. Creemos en la moda como una forma de expresi\u00f3n personal y nos esforzamos por brindarte una experiencia de compra \u00fanica y memorable.<\/p><\/div>\n\n<hr class=\"wp-block-separator has-alpha-channel-opacity is-style-wide\"\/>\n\n<div class=\"wp-block-group has-global-padding is-layout-constrained wp-container-core-group-is-layout-e415b0de wp-block-group-is-layout-constrained\"><h5 class=\"wp-block-heading has-medium-font-size\" style=\"text-transform:capitalize\"><strong>Nuestra Historia<\/strong><\/h5>\n\n<p>NPCNT naci\u00f3 al darnos cuenta de la falta de personalidad en la forma de vestir cotidiana. Observamos que muchas personas buscaban una manera de expresarse a trav\u00e9s de su ropa, pero no encontraban opciones que realmente reflejaran su individualidad. Inspirados por esta necesidad, decidimos crear un e-commerce dedicado a la ropa personalizada, permitiendo a cada cliente dise\u00f1ar prendas \u00fanicas que hablen de qui\u00e9nes son.<\/p><\/div>\n\n<hr class=\"wp-block-separator has-alpha-channel-opacity is-style-wide\"\/>\n\n<div class=\"wp-block-group has-global-padding is-layout-constrained wp-container-core-group-is-layout-e415b0de wp-block-group-is-layout-constrained\"><h5 class=\"wp-block-heading has-medium-font-size\" style=\"text-transform:capitalize\"><strong>Nuestros Valores<\/strong><\/h5>\n\n<p>En NPCNT, nos regimos por valores esenciales:<\/p>\n\n<ul class=\"wp-block-list\"><li><strong>Creatividad<\/strong>: Cada dise\u00f1o refleja innovaci\u00f3n y originalidad.<\/li>\n\n<li><strong>Calidad<\/strong>: Utilizamos materiales de primera para prendas duraderas y c\u00f3modas.<\/li>\n\n<li><strong>Personalizaci\u00f3n<\/strong>: Permitimos que cada cliente exprese su estilo \u00fanico.<\/li>\n\n<li><strong>Satisfacci\u00f3n del Cliente<\/strong>: Tu felicidad es nuestra prioridad absoluta.<\/li>\n\n<li><strong>Sostenibilidad<\/strong>: Nos comprometemos con pr\u00e1cticas y materiales sostenibles.<\/li><\/ul><\/div><\/div><\/div><\/div><\/div>","protected":false},"excerpt":{"rendered":"<p>Nuestra misi\u00f3n En NPCNT, nos dedicamos a ofrecer ropa personalizada de alta calidad que refleje tu individualidad y creatividad. Creemos en la moda como una forma de expresi\u00f3n personal y nos esforzamos por brindarte una experiencia de compra \u00fanica y memorable. Nuestra Historia NPCNT naci\u00f3 al darnos cuenta de la falta de personalidad en la [&hellip;]<\/p>\n","protected":false},"author":1,"featured_media":0,"parent":0,"menu_order":0,"comment_status":"closed","ping_status":"closed","template":"","meta":{"footnotes":""},"class_list":["post-191","page","type-page","status-publish","hentry"],"yoast_head":"<!-- This site is optimized with the Yoast SEO plugin v27.3 - https:\/\/yoast.com\/product\/yoast-seo-wordpress\/ -->\n<title>Sobre nosotros -<\/title>\n<meta name=\"robots\" content=\"index, follow, max-snippet:-1, max-image-preview:large, max-video-preview:-1\" \/>\n<link rel=\"canonical\" href=\"https:\/\/cjiang1.upv.edu.es\/?page_id=191\" \/>\n<meta property=\"og:locale\" content=\"es_ES\" \/>\n<meta property=\"og:type\" content=\"article\" \/>\n<meta property=\"og:title\" content=\"Sobre nosotros -\" \/>\n<meta property=\"og:description\" content=\"Nuestra misi\u00f3n En NPCNT, nos dedicamos a ofrecer ropa personalizada de alta calidad que refleje tu individualidad y creatividad. Creemos en la moda como una forma de expresi\u00f3n personal y nos esforzamos por brindarte una experiencia de compra \u00fanica y memorable. Nuestra Historia NPCNT naci\u00f3 al darnos cuenta de la falta de personalidad en la [&hellip;]\" \/>\n<meta property=\"og:url\" content=\"https:\/\/cjiang1.upv.edu.es\/?page_id=191\" \/>\n<meta property=\"article:modified_time\" content=\"2024-05-18T18:55:59+00:00\" \/>\n<meta property=\"og:image\" content=\"http:\/\/cjiang1.upv.edu.es\/wp-content\/uploads\/2024\/05\/unnamed.jpg\" \/>\n<meta name=\"twitter:card\" content=\"summary_large_image\" \/>\n<meta name=\"twitter:label1\" content=\"Tiempo de lectura\" \/>\n\t<meta name=\"twitter:data1\" content=\"1 minuto\" \/>\n<script type=\"application\/ld+json\" class=\"yoast-schema-graph\">{\"@context\":\"https:\\\/\\\/schema.org\",\"@graph\":[{\"@type\":\"WebPage\",\"@id\":\"https:\\\/\\\/cjiang1.upv.edu.es\\\/?page_id=191\",\"url\":\"https:\\\/\\\/cjiang1.upv.edu.es\\\/?page_id=191\",\"name\":\"Sobre nosotros -\",\"isPartOf\":{\"@id\":\"https:\\\/\\\/cjiang1.upv.edu.es\\\/#website\"},\"primaryImageOfPage\":{\"@id\":\"https:\\\/\\\/cjiang1.upv.edu.es\\\/?page_id=191#primaryimage\"},\"image\":{\"@id\":\"https:\\\/\\\/cjiang1.upv.edu.es\\\/?page_id=191#primaryimage\"},\"thumbnailUrl\":\"http:\\\/\\\/cjiang1.upv.edu.es\\\/wp-content\\\/uploads\\\/2024\\\/05\\\/unnamed.jpg\",\"datePublished\":\"2024-05-18T18:01:46+00:00\",\"dateModified\":\"2024-05-18T18:55:59+00:00\",\"breadcrumb\":{\"@id\":\"https:\\\/\\\/cjiang1.upv.edu.es\\\/?page_id=191#breadcrumb\"},\"inLanguage\":\"es\",\"potentialAction\":[{\"@type\":\"ReadAction\",\"target\":[\"https:\\\/\\\/cjiang1.upv.edu.es\\\/?page_id=191\"]}]},{\"@type\":\"ImageObject\",\"inLanguage\":\"es\",\"@id\":\"https:\\\/\\\/cjiang1.upv.edu.es\\\/?page_id=191#primaryimage\",\"url\":\"https:\\\/\\\/cjiang1.upv.edu.es\\\/wp-content\\\/uploads\\\/2024\\\/05\\\/unnamed.jpg\",\"contentUrl\":\"https:\\\/\\\/cjiang1.upv.edu.es\\\/wp-content\\\/uploads\\\/2024\\\/05\\\/unnamed.jpg\",\"width\":928,\"height\":1664,\"caption\":\"{\\\"data\\\":{\\\"duet_original_group_id\\\":null,\\\"prop_list\\\":\\\"NTM1NzAyMDA=\\\",\\\"edit_info\\\":0,\\\"product\\\":\\\"aweme\\\",\\\"duet_group_id\\\":null}}\"},{\"@type\":\"BreadcrumbList\",\"@id\":\"https:\\\/\\\/cjiang1.upv.edu.es\\\/?page_id=191#breadcrumb\",\"itemListElement\":[{\"@type\":\"ListItem\",\"position\":1,\"name\":\"Portada\",\"item\":\"https:\\\/\\\/cjiang1.upv.edu.es\\\/\"},{\"@type\":\"ListItem\",\"position\":2,\"name\":\"Sobre nosotros\"}]},{\"@type\":\"WebSite\",\"@id\":\"https:\\\/\\\/cjiang1.upv.edu.es\\\/#website\",\"url\":\"https:\\\/\\\/cjiang1.upv.edu.es\\\/\",\"name\":\"Npcnt\",\"description\":\"NPCnt\",\"publisher\":{\"@id\":\"https:\\\/\\\/cjiang1.upv.edu.es\\\/#organization\"},\"potentialAction\":[{\"@type\":\"SearchAction\",\"target\":{\"@type\":\"EntryPoint\",\"urlTemplate\":\"https:\\\/\\\/cjiang1.upv.edu.es\\\/?s={search_term_string}\"},\"query-input\":{\"@type\":\"PropertyValueSpecification\",\"valueRequired\":true,\"valueName\":\"search_term_string\"}}],\"inLanguage\":\"es\"},{\"@type\":\"Organization\",\"@id\":\"https:\\\/\\\/cjiang1.upv.edu.es\\\/#organization\",\"name\":\"Npcnt SL\",\"url\":\"https:\\\/\\\/cjiang1.upv.edu.es\\\/\",\"logo\":{\"@type\":\"ImageObject\",\"inLanguage\":\"es\",\"@id\":\"https:\\\/\\\/cjiang1.upv.edu.es\\\/#\\\/schema\\\/logo\\\/image\\\/\",\"url\":\"https:\\\/\\\/cjiang1.upv.edu.es\\\/wp-content\\\/uploads\\\/2024\\\/05\\\/IMG_1034-edited.png\",\"contentUrl\":\"https:\\\/\\\/cjiang1.upv.edu.es\\\/wp-content\\\/uploads\\\/2024\\\/05\\\/IMG_1034-edited.png\",\"width\":341,\"height\":341,\"caption\":\"Npcnt SL\"},\"image\":{\"@id\":\"https:\\\/\\\/cjiang1.upv.edu.es\\\/#\\\/schema\\\/logo\\\/image\\\/\"}}]}<\/script>\n<!-- \/ Yoast SEO plugin. -->","yoast_head_json":{"title":"Sobre nosotros -","robots":{"index":"index","follow":"follow","max-snippet":"max-snippet:-1","max-image-preview":"max-image-preview:large","max-video-preview":"max-video-preview:-1"},"canonical":"https:\/\/cjiang1.upv.edu.es\/?page_id=191","og_locale":"es_ES","og_type":"article","og_title":"Sobre nosotros -","og_description":"Nuestra misi\u00f3n En NPCNT, nos dedicamos a ofrecer ropa personalizada de alta calidad que refleje tu individualidad y creatividad. Creemos en la moda como una forma de expresi\u00f3n personal y nos esforzamos por brindarte una experiencia de compra \u00fanica y memorable. Nuestra Historia NPCNT naci\u00f3 al darnos cuenta de la falta de personalidad en la [&hellip;]","og_url":"https:\/\/cjiang1.upv.edu.es\/?page_id=191","article_modified_time":"2024-05-18T18:55:59+00:00","og_image":[{"url":"http:\/\/cjiang1.upv.edu.es\/wp-content\/uploads\/2024\/05\/unnamed.jpg","type":"","width":"","height":""}],"twitter_card":"summary_large_image","twitter_misc":{"Tiempo de lectura":"1 minuto"},"schema":{"@context":"https:\/\/schema.org","@graph":[{"@type":"WebPage","@id":"https:\/\/cjiang1.upv.edu.es\/?page_id=191","url":"https:\/\/cjiang1.upv.edu.es\/?page_id=191","name":"Sobre nosotros -","isPartOf":{"@id":"https:\/\/cjiang1.upv.edu.es\/#website"},"primaryImageOfPage":{"@id":"https:\/\/cjiang1.upv.edu.es\/?page_id=191#primaryimage"},"image":{"@id":"https:\/\/cjiang1.upv.edu.es\/?page_id=191#primaryimage"},"thumbnailUrl":"http:\/\/cjiang1.upv.edu.es\/wp-content\/uploads\/2024\/05\/unnamed.jpg","datePublished":"2024-05-18T18:01:46+00:00","dateModified":"2024-05-18T18:55:59+00:00","breadcrumb":{"@id":"https:\/\/cjiang1.upv.edu.es\/?page_id=191#breadcrumb"},"inLanguage":"es","potentialAction":[{"@type":"ReadAction","target":["https:\/\/cjiang1.upv.edu.es\/?page_id=191"]}]},{"@type":"ImageObject","inLanguage":"es","@id":"https:\/\/cjiang1.upv.edu.es\/?page_id=191#primaryimage","url":"https:\/\/cjiang1.upv.edu.es\/wp-content\/uploads\/2024\/05\/unnamed.jpg","contentUrl":"https:\/\/cjiang1.upv.edu.es\/wp-content\/uploads\/2024\/05\/unnamed.jpg","width":928,"height":1664,"caption":"{\"data\":{\"duet_original_group_id\":null,\"prop_list\":\"NTM1NzAyMDA=\",\"edit_info\":0,\"product\":\"aweme\",\"duet_group_id\":null}}"},{"@type":"BreadcrumbList","@id":"https:\/\/cjiang1.upv.edu.es\/?page_id=191#breadcrumb","itemListElement":[{"@type":"ListItem","position":1,"name":"Portada","item":"https:\/\/cjiang1.upv.edu.es\/"},{"@type":"ListItem","position":2,"name":"Sobre nosotros"}]},{"@type":"WebSite","@id":"https:\/\/cjiang1.upv.edu.es\/#website","url":"https:\/\/cjiang1.upv.edu.es\/","name":"Npcnt","description":"NPCnt","publisher":{"@id":"https:\/\/cjiang1.upv.edu.es\/#organization"},"potentialAction":[{"@type":"SearchAction","target":{"@type":"EntryPoint","urlTemplate":"https:\/\/cjiang1.upv.edu.es\/?s={search_term_string}"},"query-input":{"@type":"PropertyValueSpecification","valueRequired":true,"valueName":"search_term_string"}}],"inLanguage":"es"},{"@type":"Organization","@id":"https:\/\/cjiang1.upv.edu.es\/#organization","name":"Npcnt SL","url":"https:\/\/cjiang1.upv.edu.es\/","logo":{"@type":"ImageObject","inLanguage":"es","@id":"https:\/\/cjiang1.upv.edu.es\/#\/schema\/logo\/image\/","url":"https:\/\/cjiang1.upv.edu.es\/wp-content\/uploads\/2024\/05\/IMG_1034-edited.png","contentUrl":"https:\/\/cjiang1.upv.edu.es\/wp-content\/uploads\/2024\/05\/IMG_1034-edited.png","width":341,"height":341,"caption":"Npcnt SL"},"image":{"@id":"https:\/\/cjiang1.upv.edu.es\/#\/schema\/logo\/image\/"}}]}},"_links":{"self":[{"href":"https:\/\/cjiang1.upv.edu.es\/index.php?rest_route=\/wp\/v2\/pages\/191","targetHints":{"allow":["GET"]}}],"collection":[{"href":"https:\/\/cjiang1.upv.edu.es\/index.php?rest_route=\/wp\/v2\/pages"}],"about":[{"href":"https:\/\/cjiang1.upv.edu.es\/index.php?rest_route=\/wp\/v2\/types\/page"}],"author":[{"embeddable":true,"href":"https:\/\/cjiang1.upv.edu.es\/index.php?rest_route=\/wp\/v2\/users\/1"}],"replies":[{"embeddable":true,"href":"https:\/\/cjiang1.upv.edu.es\/index.php?rest_route=%2Fwp%2Fv2%2Fcomments&post=191"}],"version-history":[{"count":5,"href":"https:\/\/cjiang1.upv.edu.es\/index.php?rest_route=\/wp\/v2\/pages\/191\/revisions"}],"predecessor-version":[{"id":332,"href":"https:\/\/cjiang1.upv.edu.es\/index.php?rest_route=\/wp\/v2\/pages\/191\/revisions\/332"}],"wp:attachment":[{"href":"https:\/\/cjiang1.upv.edu.es\/index.php?rest_route=%2Fwp%2Fv2%2Fmedia&parent=191"}],"curies":[{"name":"wp","href":"https:\/\/api.w.org\/{rel}","templated":true}]}}