{"id":167,"date":"2024-05-16T20:34:20","date_gmt":"2024-05-16T18:34:20","guid":{"rendered":"https:\/\/cjiang1.upv.edu.es\/?page_id=167"},"modified":"2024-05-16T20:34:20","modified_gmt":"2024-05-16T18:34:20","slug":"condiciones-generales-de-venta","status":"publish","type":"page","link":"https:\/\/cjiang1.upv.edu.es\/?page_id=167","title":{"rendered":"CONDICIONES GENERALES DE VENTA"},"content":{"rendered":"<p>Aqu\u00ed est\u00e1 el texto corregido con los espacios y saltos de l\u00ednea ajustados:<\/p><hr class=\"wp-block-separator has-alpha-channel-opacity\"\/><ol class=\"wp-block-list\"><li>INFORMACI\u00d3N GENERAL<\/li><\/ol><p>La titularidad de este sitio web https:\/\/cjiang1.upv.edu.es\/, (en adelante Sitio Web) la ostenta: NPC\u2019n S.L, provista de NIF: Y7362458K e inscrita en: Registro Mercantil de Valencia; y cuyos datos registrales son: Tomo 1, p\u00e1gina 7, hoja 258, y cuyos datos de contacto son: Direcci\u00f3n: Calle Menorca 42 Tel\u00e9fono de contacto: 111111111 Email de contacto: npcnt@rrhh.es<\/p><p>Este documento (as\u00ed como otros documentos que aqu\u00ed se mencionen) regula las condiciones por las que se rige el uso de este Sitio Web (https:\/\/cjiang1.upv.edu.es\/) y la compra o adquisici\u00f3n de productos y\/o servicios en el mismo (en adelante, Condiciones).<\/p><p>A efectos de estas Condiciones se entiende que la actividad que NPC\u2019nt desarrolla a trav\u00e9s del Sitio Web comprende: Comercializaci\u00f3n de productos personalizables.<\/p><p>Adem\u00e1s de leer las presentes Condiciones, antes de acceder, navegar y\/o usar esta p\u00e1gina web, el Usuario ha de haber le\u00eddo el Aviso Legal y las Condiciones Generales de Uso, incluyendo, la pol\u00edtica de cookies, y la pol\u00edtica de privacidad y de protecci\u00f3n de datos de NPC\u2019nt. Al utilizar este Sitio Web o al hacer y\/o solicitar la adquisici\u00f3n de un producto y\/o servicio a trav\u00e9s del mismo el Usuario consiente quedar vinculado por estas Condiciones y por todo lo anteriormente mencionado, por lo que si no est\u00e1 de acuerdo con todo ello, no debe usar este Sitio Web.<\/p><p>Asimismo, se informa que estas Condiciones podr\u00edan ser modificadas. El Usuario es responsable de consultarlas cada vez que acceda, navegue y\/o use el Sitio Web ya que ser\u00e1n aplicables aquellas que se encuentren vigentes en el momento en que se solicite la adquisici\u00f3n de productos y\/o servicios.<\/p><p>Para todas las preguntas que el Usuario pueda tener en relaci\u00f3n con las Condiciones puede ponerse en contacto con el titular utilizando los datos de contacto facilitados m\u00e1s arriba o, en su caso, utilizando el formulario de contacto.<\/p><ol class=\"wp-block-list\" start=\"2\"><li>EL USUARIO<\/li><\/ol><p>El acceso, la navegaci\u00f3n y uso del Sitio Web, confiere la condici\u00f3n de usuario (en adelante referido, indistintamente, individualmente como Usuario o conjuntamente como Usuarios), por lo que se aceptan, desde que se inicia la navegaci\u00f3n por el Sitio Web, todas las Condiciones aqu\u00ed establecidas, as\u00ed como sus ulteriores modificaciones, sin perjuicio de la aplicaci\u00f3n de la correspondiente normativa legal de obligado cumplimiento seg\u00fan el caso.<\/p><p>El Usuario asume su responsabilidad de un uso correcto del Sitio Web. Esta responsabilidad se extender\u00e1 a: Hacer uso de este Sitio Web \u00fanicamente para realizar consultas y compras o adquisiciones legalmente v\u00e1lidas. No realizar ninguna compra falsa o fraudulenta. Si razonablemente se pudiera considerar que se ha hecho una compra de esta \u00edndole, podr\u00eda ser anulada y se informar\u00eda a las autoridades pertinentes. Facilitar datos de contacto veraces y l\u00edcitos, por ejemplo, direcci\u00f3n de correo electr\u00f3nico, direcci\u00f3n postal y\/u otros datos (ver Aviso Legal y Condiciones Generales de Uso).<\/p><p>El Usuario declara ser mayor de 18 a\u00f1os y tener capacidad legal para celebrar contratos a trav\u00e9s de este Sitio Web.<\/p><p>El Sitio Web est\u00e1 dirigido principalmente a Usuarios residentes en Espa\u00f1a. NPC\u2019nt no asegura que el Sitio Web cumpla con legislaciones de otros pa\u00edses, ya sea total o parcialmente. NPC\u2019nt declina toda responsabilidad que se pueda derivar de dicho acceso, as\u00ed como tampoco asegura env\u00edos o prestaci\u00f3n de servicios fuera de Espa\u00f1a.<\/p><p>El Usuario podr\u00e1 formalizar, a su elecci\u00f3n, con NPC\u2019nt el contrato de compraventa de los productos y\/o servicios deseados en cualquiera de los idiomas en los que las presentes Condiciones est\u00e9n disponibles en este Sitio Web.<\/p><ol class=\"wp-block-list\" start=\"3\"><li>PROCESO DE COMPRA O ADQUISICI\u00d3N<\/li><\/ol><p>Los Usuarios debidamente registrados pueden comprar en el Sitio Web por los medios y formas establecidos. Deber\u00e1n seguir el procedimiento de compra y\/o adquisici\u00f3n online de https:\/\/cjiang1.upv.edu.es\/, durante el cual varios productos y\/o servicios pueden ser seleccionados y a\u00f1adidos al carrito, cesta o espacio final de compra y, finalmente, hacer clic en: &#8220;Realizar Pedido&#8221;<\/p><p>Asimismo, el Usuario deber\u00e1 rellenar y\/o comprobar la informaci\u00f3n que en cada paso se le solicita, aunque, durante el proceso de compra, antes de realizar el pago, se pueden modificar los datos de la compra.<\/p><p>Seguidamente, el Usuario recibir\u00e1 un correo electr\u00f3nico confirmando que NPC\u2019nt ha recibido su pedido o solicitud de compra y\/o prestaci\u00f3n del servicio, es decir, la confirmaci\u00f3n del pedido. Y, en su caso, se le informar\u00e1, igualmente, mediante correo electr\u00f3nico cuando su compra est\u00e9 siendo enviada. En su caso, estas informaciones tambi\u00e9n podr\u00edan ponerse a disposici\u00f3n del Usuario a trav\u00e9s de su espacio personal de conexi\u00f3n al Sitio Web.<\/p><p>Una vez el procedimiento de compra ha concluido, el Usuario consiente que el Sitio Web genere una factura electr\u00f3nica que se har\u00e1 llegar al Usuario a trav\u00e9s del correo electr\u00f3nico y en su caso, a trav\u00e9s de su espacio personal de conexi\u00f3n al Sitio Web. Asimismo, el Usuario puede, si as\u00ed lo desea, obtener una copia de su factura en papel, solicit\u00e1ndolo a NPC\u2019nt utilizando los espacios de contacto del Sitio Web o a trav\u00e9s de los datos de contacto facilitados m\u00e1s arriba.<\/p><p>El Usuario reconoce estar al corriente, en el momento de la compra, de ciertas condiciones particulares de venta que conciernen al producto y\/o servicio en cuesti\u00f3n y que se muestran junto a la presentaci\u00f3n o, en su caso, imagen de \u00e9ste en su p\u00e1gina del Sitio Web, indicando, a modo enunciativo, pero no exhaustivo, y atendiendo a cada caso: nombre, precio, componentes, peso, cantidad, color, detalles de los productos, o caracter\u00edsticas, modo en el que se llevar\u00e1n a cabo y\/o coste de las prestaciones; y reconoce que la realizaci\u00f3n del pedido de compra o adquisici\u00f3n materializa la aceptaci\u00f3n plena y completa de las condiciones particulares de venta aplicables a cada caso.<\/p><p>A menos que se indique expresamente lo contrario, NPC\u2019nt no es el fabricante de los productos vendidos o que pudieran llegar a comercializarse en el Sitio Web. Si bien NPC\u2019nt realiza grandes esfuerzos para que la informaci\u00f3n mostrada en el Sitio Web sea correcta, en ocasiones el emb<\/p><p>Aqu\u00ed tienes el texto con los espacios y saltos de p\u00e1gina corregidos:<\/p><hr class=\"wp-block-separator has-alpha-channel-opacity\"\/><p><strong>Devoluci\u00f3n de productos defectuosos o error en el env\u00edo<\/strong><\/p><p>Se trata de todos aquellos casos en los que el Usuario considera que, en el momento de la entrega, el producto no se ajusta a lo estipulado en el contrato o pedido de compra, y que, por tanto, deber\u00e1 ponerse en contacto con NPC\u2019nt inmediatamente y hacerle saber la disconformidad existente (defecto\/error) por los mismos medios o utilizando los datos de contacto que se facilitan en el apartado anterior (Derecho de Desistimiento).<\/p><p>El Usuario ser\u00e1 entonces informado sobre c\u00f3mo proceder a la devoluci\u00f3n de los productos, y estos, una vez devueltos, ser\u00e1n examinados y se informar\u00e1 al Usuario, dentro de un plazo razonable, si procede el reembolso o, en su caso, la sustituci\u00f3n del mismo.<\/p><p>El reembolso o la sustituci\u00f3n del producto se efectuar\u00e1 lo antes posible y, en cualquier caso, dentro de los 14 d\u00edas siguientes a la fecha en la que le enviemos un correo electr\u00f3nico confirmando que procede el reembolso o la sustituci\u00f3n del art\u00edculo no conforme.<\/p><p>El importe abonado por aquellos productos que sean devueltos a causa de alg\u00fan defecto, cuando realmente exista, ser\u00e1 reembolsado \u00edntegramente, incluidos los gastos de entrega y los costes en que hubiera podido incurrir el Usuario para realizar la devoluci\u00f3n. El reembolso se efectuar\u00e1 por el mismo medio de pago que el Usuario utiliz\u00f3 para pagar la compra.<\/p><p>En todo caso, se estar\u00e1 siempre a los derechos reconocidos en la legislaci\u00f3n vigente en cada momento para el Usuario, en tanto que consumidor y usuario.<\/p><p><strong>Garant\u00edas<\/strong><\/p><p>El Usuario, en tanto que consumidor y usuario, goza de garant\u00edas sobre los productos que pueda adquirir a trav\u00e9s de este Sitio Web, en los t\u00e9rminos legalmente establecidos para cada tipo de producto, respondiendo NPC\u2019nt, por tanto, por la falta de conformidad de los mismos que se manifieste en un plazo de tres a\u00f1os desde la entrega del producto.<\/p><p>En este sentido, se entiende que los productos son conformes con el contrato siempre que: se ajusten a la descripci\u00f3n realizada por NPC\u2019nt y posean las cualidades presentadas en la misma; sean aptos para los usos a que ordinariamente se destinan los productos del mismo tipo; y presenten la calidad y prestaciones habituales de un producto del mismo tipo y que sean fundamentalmente esperables del mismo. Cuando esto no sea as\u00ed respecto de los productos entregados al Usuario, \u00e9ste deber\u00e1 proceder tal y como se indica en el apartado Devoluci\u00f3n de productos defectuosos o error en el env\u00edo. No obstante, algunos de los productos que se comercializan en el Sitio Web, podr\u00edan presentar caracter\u00edsticas no homog\u00e9neas siempre y cuando \u00e9stas deriven del tipo de material con el que se han fabricado, y que por ende formar\u00e1n parte de la apariencia individual del producto, y no ser\u00e1n un defecto.<\/p><p>Por otra parte, podr\u00eda llegar a darse el caso que el Usuario adquiere en el Sitio Web un producto de una marca o de fabricaci\u00f3n por un tercero. En este caso, y considerando el Usuario que se trata de un producto defectuoso, \u00e9ste tambi\u00e9n tiene la posibilidad de ponerse en contacto con la marca o fabricante responsable del producto para averiguar c\u00f3mo ejercer su derecho de garant\u00eda legal directamente frente a los mismos durante los tres a\u00f1os siguientes a la entrega de dichos productos. Para ello, el Usuario debe haber conservado toda la informaci\u00f3n en relaci\u00f3n con la garant\u00eda de los productos.<\/p><p><strong>EXONERACI\u00d3N DE RESPONSABILIDAD<\/strong><\/p><p>Salvo disposici\u00f3n legal en sentido contrario, NPC\u2019nt no aceptar\u00e1 ninguna responsabilidad por las siguientes p\u00e9rdidas, con independencia de su origen:<\/p><ul class=\"wp-block-list\"><li>cualesquiera p\u00e9rdidas que no fueran atribuibles a incumplimiento alguno por su parte;<\/li>\n\n<li>p\u00e9rdidas empresariales (incluyendo lucro cesante, de ingresos, de contratos, de ahorros previstos, de datos, p\u00e9rdida del fondo de comercio o gastos innecesarios incurridos); o de<\/li>\n\n<li>toda otra p\u00e9rdida indirecta que no fuera razonablemente previsible por ambas partes en el momento en que se formaliz\u00f3 el contrato de compraventa de los productos entre ambas partes.<\/li><\/ul><p>Igualmente, NPC\u2019nt tambi\u00e9n limita su responsabilidad en cuanto a los siguientes casos:<\/p><ul class=\"wp-block-list\"><li>NPC\u2019nt aplica todas las medidas concernientes a proporcionar una visualizaci\u00f3n fiel del producto en el Sitio Web, sin embargo no se responsabiliza por las m\u00ednimas diferencias o inexactitudes que puedan existir debido a falta de resoluci\u00f3n de la pantalla, o problemas del navegador que se utilice u otros de esta \u00edndole.<\/li>\n\n<li>NPC\u2019nt actuar\u00e1 con la m\u00e1xima diligencia a efectos de poner a disposici\u00f3n de la empresa encargada del transporte del producto objeto del pedido de compra. Sin embargo, no se responsabiliza por perjuicios provenientes de un mal funcionamiento del transporte, especialmente por causas como huelgas, retenciones en carreteras, y en general cualquiera otras propias del sector, que deriven en retrasos, p\u00e9rdidas o hurtos del producto.<\/li>\n\n<li>Fallos t\u00e9cnicos que por causas fortuitas o de otra \u00edndole, impidan un normal funcionamiento del servicio a trav\u00e9s de internet. Falta de disponibilidad del Sitio Web por razones de mantenimiento u otras, que impida disponer del servicio. NPC\u2019nt pone todos los medios a su alcance a efectos de llevar a cabo el proceso de compra, pago y env\u00edo\/entrega de los productos, no obstante se exime de responsabilidad por causas que no le sean imputables, caso fortuito o fuerza mayor.<\/li>\n\n<li>NPC\u2019nt no se har\u00e1 responsable del mal uso y\/o del desgaste de los productos que hayan sido utilizados por el Usuario. Al mismo tiempo, NPC\u2019nt tampoco se har\u00e1 responsable de una devoluci\u00f3n err\u00f3nea realizada por el Usuario. Es responsabilidad del Usuario devolver el producto correcto.<\/li><\/ul><p>En general, NPC\u2019nt no se responsabilizar\u00e1 por ning\u00fan incumplimiento o retraso en el cumplimiento de alguna de las obligaciones asumidas, cuando el mismo se deba a acontecimientos que est\u00e1n fuera de su control razonable, es decir, que se deban a causa de fuerza mayor, y \u00e9sta podr\u00e1 incluir, a modo enunciativo pero no exhaustivo:<\/p><ul class=\"wp-block-list\"><li>Huelgas, cierres patronales u otras medidas reivindicativas.<\/li>\n\n<li>Conmoci\u00f3n civil, revuelta, invasi\u00f3n, amenaza o ataque terrorista, guerra (declarada o<\/li><\/ul>","protected":false},"excerpt":{"rendered":"<p>Aqu\u00ed est\u00e1 el texto corregido con los espacios y saltos de l\u00ednea ajustados: La titularidad de este sitio web https:\/\/cjiang1.upv.edu.es\/, (en adelante Sitio Web) la ostenta: NPC\u2019n S.L, provista de NIF: Y7362458K e inscrita en: Registro Mercantil de Valencia; y cuyos datos registrales son: Tomo 1, p\u00e1gina 7, hoja 258, y cuyos datos de contacto [&hellip;]<\/p>\n","protected":false},"author":1,"featured_media":0,"parent":0,"menu_order":0,"comment_status":"closed","ping_status":"closed","template":"","meta":{"footnotes":""},"class_list":["post-167","page","type-page","status-publish","hentry"],"yoast_head":"<!-- This site is optimized with the Yoast SEO plugin v27.3 - https:\/\/yoast.com\/product\/yoast-seo-wordpress\/ -->\n<title>CONDICIONES GENERALES DE VENTA -<\/title>\n<meta name=\"robots\" content=\"index, follow, max-snippet:-1, max-image-preview:large, max-video-preview:-1\" \/>\n<link rel=\"canonical\" href=\"https:\/\/cjiang1.upv.edu.es\/?page_id=167\" \/>\n<meta property=\"og:locale\" content=\"es_ES\" \/>\n<meta property=\"og:type\" content=\"article\" \/>\n<meta property=\"og:title\" content=\"CONDICIONES GENERALES DE VENTA -\" \/>\n<meta property=\"og:description\" content=\"Aqu\u00ed est\u00e1 el texto corregido con los espacios y saltos de l\u00ednea ajustados: La titularidad de este sitio web https:\/\/cjiang1.upv.edu.es\/, (en adelante Sitio Web) la ostenta: NPC\u2019n S.L, provista de NIF: Y7362458K e inscrita en: Registro Mercantil de Valencia; y cuyos datos registrales son: Tomo 1, p\u00e1gina 7, hoja 258, y cuyos datos de contacto [&hellip;]\" \/>\n<meta property=\"og:url\" content=\"https:\/\/cjiang1.upv.edu.es\/?page_id=167\" \/>\n<meta property=\"og:image\" content=\"https:\/\/cjiang1.upv.edu.es\/wp-content\/uploads\/2024\/06\/49F6C28E-B43F-4767-A2F9-86D46A0814AB-1.png\" \/>\n\t<meta property=\"og:image:width\" content=\"1200\" \/>\n\t<meta property=\"og:image:height\" content=\"675\" \/>\n\t<meta property=\"og:image:type\" content=\"image\/png\" \/>\n<meta name=\"twitter:card\" content=\"summary_large_image\" \/>\n<meta name=\"twitter:label1\" content=\"Tiempo de lectura\" \/>\n\t<meta name=\"twitter:data1\" content=\"11 minutos\" \/>\n<script type=\"application\/ld+json\" class=\"yoast-schema-graph\">{\"@context\":\"https:\\\/\\\/schema.org\",\"@graph\":[{\"@type\":\"WebPage\",\"@id\":\"https:\\\/\\\/cjiang1.upv.edu.es\\\/?page_id=167\",\"url\":\"https:\\\/\\\/cjiang1.upv.edu.es\\\/?page_id=167\",\"name\":\"CONDICIONES GENERALES DE VENTA -\",\"isPartOf\":{\"@id\":\"https:\\\/\\\/cjiang1.upv.edu.es\\\/#website\"},\"datePublished\":\"2024-05-16T18:34:20+00:00\",\"breadcrumb\":{\"@id\":\"https:\\\/\\\/cjiang1.upv.edu.es\\\/?page_id=167#breadcrumb\"},\"inLanguage\":\"es\",\"potentialAction\":[{\"@type\":\"ReadAction\",\"target\":[\"https:\\\/\\\/cjiang1.upv.edu.es\\\/?page_id=167\"]}]},{\"@type\":\"BreadcrumbList\",\"@id\":\"https:\\\/\\\/cjiang1.upv.edu.es\\\/?page_id=167#breadcrumb\",\"itemListElement\":[{\"@type\":\"ListItem\",\"position\":1,\"name\":\"Portada\",\"item\":\"https:\\\/\\\/cjiang1.upv.edu.es\\\/\"},{\"@type\":\"ListItem\",\"position\":2,\"name\":\"CONDICIONES GENERALES DE VENTA\"}]},{\"@type\":\"WebSite\",\"@id\":\"https:\\\/\\\/cjiang1.upv.edu.es\\\/#website\",\"url\":\"https:\\\/\\\/cjiang1.upv.edu.es\\\/\",\"name\":\"Npcnt\",\"description\":\"NPCnt\",\"publisher\":{\"@id\":\"https:\\\/\\\/cjiang1.upv.edu.es\\\/#organization\"},\"potentialAction\":[{\"@type\":\"SearchAction\",\"target\":{\"@type\":\"EntryPoint\",\"urlTemplate\":\"https:\\\/\\\/cjiang1.upv.edu.es\\\/?s={search_term_string}\"},\"query-input\":{\"@type\":\"PropertyValueSpecification\",\"valueRequired\":true,\"valueName\":\"search_term_string\"}}],\"inLanguage\":\"es\"},{\"@type\":\"Organization\",\"@id\":\"https:\\\/\\\/cjiang1.upv.edu.es\\\/#organization\",\"name\":\"Npcnt SL\",\"url\":\"https:\\\/\\\/cjiang1.upv.edu.es\\\/\",\"logo\":{\"@type\":\"ImageObject\",\"inLanguage\":\"es\",\"@id\":\"https:\\\/\\\/cjiang1.upv.edu.es\\\/#\\\/schema\\\/logo\\\/image\\\/\",\"url\":\"https:\\\/\\\/cjiang1.upv.edu.es\\\/wp-content\\\/uploads\\\/2024\\\/05\\\/IMG_1034-edited.png\",\"contentUrl\":\"https:\\\/\\\/cjiang1.upv.edu.es\\\/wp-content\\\/uploads\\\/2024\\\/05\\\/IMG_1034-edited.png\",\"width\":341,\"height\":341,\"caption\":\"Npcnt SL\"},\"image\":{\"@id\":\"https:\\\/\\\/cjiang1.upv.edu.es\\\/#\\\/schema\\\/logo\\\/image\\\/\"}}]}<\/script>\n<!-- \/ Yoast SEO plugin. -->","yoast_head_json":{"title":"CONDICIONES GENERALES DE VENTA -","robots":{"index":"index","follow":"follow","max-snippet":"max-snippet:-1","max-image-preview":"max-image-preview:large","max-video-preview":"max-video-preview:-1"},"canonical":"https:\/\/cjiang1.upv.edu.es\/?page_id=167","og_locale":"es_ES","og_type":"article","og_title":"CONDICIONES GENERALES DE VENTA -","og_description":"Aqu\u00ed est\u00e1 el texto corregido con los espacios y saltos de l\u00ednea ajustados: La titularidad de este sitio web https:\/\/cjiang1.upv.edu.es\/, (en adelante Sitio Web) la ostenta: NPC\u2019n S.L, provista de NIF: Y7362458K e inscrita en: Registro Mercantil de Valencia; y cuyos datos registrales son: Tomo 1, p\u00e1gina 7, hoja 258, y cuyos datos de contacto [&hellip;]","og_url":"https:\/\/cjiang1.upv.edu.es\/?page_id=167","og_image":[{"width":1200,"height":675,"url":"https:\/\/cjiang1.upv.edu.es\/wp-content\/uploads\/2024\/06\/49F6C28E-B43F-4767-A2F9-86D46A0814AB-1.png","type":"image\/png"}],"twitter_card":"summary_large_image","twitter_misc":{"Tiempo de lectura":"11 minutos"},"schema":{"@context":"https:\/\/schema.org","@graph":[{"@type":"WebPage","@id":"https:\/\/cjiang1.upv.edu.es\/?page_id=167","url":"https:\/\/cjiang1.upv.edu.es\/?page_id=167","name":"CONDICIONES GENERALES DE VENTA -","isPartOf":{"@id":"https:\/\/cjiang1.upv.edu.es\/#website"},"datePublished":"2024-05-16T18:34:20+00:00","breadcrumb":{"@id":"https:\/\/cjiang1.upv.edu.es\/?page_id=167#breadcrumb"},"inLanguage":"es","potentialAction":[{"@type":"ReadAction","target":["https:\/\/cjiang1.upv.edu.es\/?page_id=167"]}]},{"@type":"BreadcrumbList","@id":"https:\/\/cjiang1.upv.edu.es\/?page_id=167#breadcrumb","itemListElement":[{"@type":"ListItem","position":1,"name":"Portada","item":"https:\/\/cjiang1.upv.edu.es\/"},{"@type":"ListItem","position":2,"name":"CONDICIONES GENERALES DE VENTA"}]},{"@type":"WebSite","@id":"https:\/\/cjiang1.upv.edu.es\/#website","url":"https:\/\/cjiang1.upv.edu.es\/","name":"Npcnt","description":"NPCnt","publisher":{"@id":"https:\/\/cjiang1.upv.edu.es\/#organization"},"potentialAction":[{"@type":"SearchAction","target":{"@type":"EntryPoint","urlTemplate":"https:\/\/cjiang1.upv.edu.es\/?s={search_term_string}"},"query-input":{"@type":"PropertyValueSpecification","valueRequired":true,"valueName":"search_term_string"}}],"inLanguage":"es"},{"@type":"Organization","@id":"https:\/\/cjiang1.upv.edu.es\/#organization","name":"Npcnt SL","url":"https:\/\/cjiang1.upv.edu.es\/","logo":{"@type":"ImageObject","inLanguage":"es","@id":"https:\/\/cjiang1.upv.edu.es\/#\/schema\/logo\/image\/","url":"https:\/\/cjiang1.upv.edu.es\/wp-content\/uploads\/2024\/05\/IMG_1034-edited.png","contentUrl":"https:\/\/cjiang1.upv.edu.es\/wp-content\/uploads\/2024\/05\/IMG_1034-edited.png","width":341,"height":341,"caption":"Npcnt SL"},"image":{"@id":"https:\/\/cjiang1.upv.edu.es\/#\/schema\/logo\/image\/"}}]}},"_links":{"self":[{"href":"https:\/\/cjiang1.upv.edu.es\/index.php?rest_route=\/wp\/v2\/pages\/167","targetHints":{"allow":["GET"]}}],"collection":[{"href":"https:\/\/cjiang1.upv.edu.es\/index.php?rest_route=\/wp\/v2\/pages"}],"about":[{"href":"https:\/\/cjiang1.upv.edu.es\/index.php?rest_route=\/wp\/v2\/types\/page"}],"author":[{"embeddable":true,"href":"https:\/\/cjiang1.upv.edu.es\/index.php?rest_route=\/wp\/v2\/users\/1"}],"replies":[{"embeddable":true,"href":"https:\/\/cjiang1.upv.edu.es\/index.php?rest_route=%2Fwp%2Fv2%2Fcomments&post=167"}],"version-history":[{"count":1,"href":"https:\/\/cjiang1.upv.edu.es\/index.php?rest_route=\/wp\/v2\/pages\/167\/revisions"}],"predecessor-version":[{"id":168,"href":"https:\/\/cjiang1.upv.edu.es\/index.php?rest_route=\/wp\/v2\/pages\/167\/revisions\/168"}],"wp:attachment":[{"href":"https:\/\/cjiang1.upv.edu.es\/index.php?rest_route=%2Fwp%2Fv2%2Fmedia&parent=167"}],"curies":[{"name":"wp","href":"https:\/\/api.w.org\/{rel}","templated":true}]}}