{"id":165,"date":"2024-05-16T20:24:41","date_gmt":"2024-05-16T18:24:41","guid":{"rendered":"https:\/\/cjiang1.upv.edu.es\/?page_id=165"},"modified":"2024-05-16T20:24:41","modified_gmt":"2024-05-16T18:24:41","slug":"politica-de-cookies","status":"publish","type":"page","link":"https:\/\/cjiang1.upv.edu.es\/?page_id=165","title":{"rendered":"POL\u00cdTICA DE COOKIES"},"content":{"rendered":"<p>El acceso y la navegaci\u00f3n en el sitio web <a href=\"https:\/\/cjiang1.upv.edu.es\/\">https:\/\/cjiang1.upv.edu.es\/<\/a> pueden implicar el uso de cookies. Las cookies son peque\u00f1os archivos de informaci\u00f3n que se almacenan en el navegador utilizado por cada Usuario en los distintos dispositivos que pueda utilizar para navegar por la web. Su funci\u00f3n es facilitar la navegaci\u00f3n, hacerla m\u00e1s amigable y no causar da\u00f1o al dispositivo de navegaci\u00f3n.<\/p><p>Las cookies recogen informaci\u00f3n sobre las preferencias del Usuario durante su visita al sitio web con el fin de reconocerlo como Usuario, personalizar su experiencia y el uso del sitio web, e identificar y resolver errores, entre otras funciones.<\/p><p>La informaci\u00f3n recopilada a trav\u00e9s de las cookies puede incluir la fecha y hora de visitas al sitio web, las p\u00e1ginas visitadas, el tiempo de permanencia en el sitio web y los sitios visitados justo antes y despu\u00e9s del mismo. Sin embargo, ninguna cookie permite que se establezca contacto con el n\u00famero de tel\u00e9fono del Usuario u otro medio de contacto personal, ni extraer informaci\u00f3n del disco duro del Usuario o robar informaci\u00f3n personal.<\/p><p>Las cookies que permiten identificar a una persona se consideran datos personales y, por lo tanto, les ser\u00e1 aplicable la pol\u00edtica de privacidad del sitio web. Para su utilizaci\u00f3n, se requerir\u00e1 el consentimiento del Usuario, que deber\u00e1 ser aut\u00e9ntico, ofrecido de forma afirmativa y positiva, previo al tratamiento inicial, removible y documentado.<\/p><p><strong>Tipos de cookies:<\/strong><\/p><ul class=\"wp-block-list\"><li><strong>Cookies propias:<\/strong> Son aquellas enviadas al ordenador o dispositivo del Usuario y gestionadas exclusivamente por NPCn\u2019t para el mejor funcionamiento del Sitio Web. Se utilizan para mejorar la calidad del sitio web y su contenido, as\u00ed como para reconocer al Usuario como visitante recurrente y adaptar el contenido a sus preferencias.<\/li>\n\n<li><strong>Cookies de redes sociales:<\/strong> NPCn\u2019t incorpora plugins de redes sociales que permiten acceder a las mismas a trav\u00e9s del sitio web. Por esta raz\u00f3n, las cookies de redes sociales pueden almacenarse en el navegador del Usuario. Los titulares de estas redes sociales son responsables de sus propias pol\u00edticas de protecci\u00f3n de datos y cookies.<\/li><\/ul><p><strong>Desactivaci\u00f3n y eliminaci\u00f3n de cookies:<\/strong><\/p><p>El Usuario puede desactivar, rechazar y eliminar las cookies instaladas en su dispositivo mediante la configuraci\u00f3n de su navegador. Los procedimientos para rechazar y eliminar las cookies pueden diferir seg\u00fan el navegador utilizado. En caso de rechazar el uso de cookies, el Usuario podr\u00e1 seguir utilizando el sitio web, aunque algunas de sus funcionalidades podr\u00edan estar limitadas.<\/p><p>Esta Pol\u00edtica de Cookies ha sido creada mediante un generador de plantillas de pol\u00edtica de cookies web gratuito en la fecha 16\/05\/2024.<\/p>","protected":false},"excerpt":{"rendered":"<p>El acceso y la navegaci\u00f3n en el sitio web https:\/\/cjiang1.upv.edu.es\/ pueden implicar el uso de cookies. Las cookies son peque\u00f1os archivos de informaci\u00f3n que se almacenan en el navegador utilizado por cada Usuario en los distintos dispositivos que pueda utilizar para navegar por la web. Su funci\u00f3n es facilitar la navegaci\u00f3n, hacerla m\u00e1s amigable y [&hellip;]<\/p>\n","protected":false},"author":1,"featured_media":0,"parent":0,"menu_order":0,"comment_status":"closed","ping_status":"closed","template":"","meta":{"footnotes":""},"class_list":["post-165","page","type-page","status-publish","hentry"],"yoast_head":"<!-- This site is optimized with the Yoast SEO plugin v27.3 - https:\/\/yoast.com\/product\/yoast-seo-wordpress\/ -->\n<title>POL\u00cdTICA DE COOKIES -<\/title>\n<meta name=\"robots\" content=\"index, follow, max-snippet:-1, max-image-preview:large, max-video-preview:-1\" \/>\n<link rel=\"canonical\" href=\"https:\/\/cjiang1.upv.edu.es\/?page_id=165\" \/>\n<meta property=\"og:locale\" content=\"es_ES\" \/>\n<meta property=\"og:type\" content=\"article\" \/>\n<meta property=\"og:title\" content=\"POL\u00cdTICA DE COOKIES -\" \/>\n<meta property=\"og:description\" content=\"El acceso y la navegaci\u00f3n en el sitio web https:\/\/cjiang1.upv.edu.es\/ pueden implicar el uso de cookies. Las cookies son peque\u00f1os archivos de informaci\u00f3n que se almacenan en el navegador utilizado por cada Usuario en los distintos dispositivos que pueda utilizar para navegar por la web. Su funci\u00f3n es facilitar la navegaci\u00f3n, hacerla m\u00e1s amigable y [&hellip;]\" \/>\n<meta property=\"og:url\" content=\"https:\/\/cjiang1.upv.edu.es\/?page_id=165\" \/>\n<meta property=\"og:image\" content=\"https:\/\/cjiang1.upv.edu.es\/wp-content\/uploads\/2024\/06\/49F6C28E-B43F-4767-A2F9-86D46A0814AB-1.png\" \/>\n\t<meta property=\"og:image:width\" content=\"1200\" \/>\n\t<meta property=\"og:image:height\" content=\"675\" \/>\n\t<meta property=\"og:image:type\" content=\"image\/png\" \/>\n<meta name=\"twitter:card\" content=\"summary_large_image\" \/>\n<meta name=\"twitter:label1\" content=\"Tiempo de lectura\" \/>\n\t<meta name=\"twitter:data1\" content=\"2 minutos\" \/>\n<script type=\"application\/ld+json\" class=\"yoast-schema-graph\">{\"@context\":\"https:\\\/\\\/schema.org\",\"@graph\":[{\"@type\":\"WebPage\",\"@id\":\"https:\\\/\\\/cjiang1.upv.edu.es\\\/?page_id=165\",\"url\":\"https:\\\/\\\/cjiang1.upv.edu.es\\\/?page_id=165\",\"name\":\"POL\u00cdTICA DE COOKIES -\",\"isPartOf\":{\"@id\":\"https:\\\/\\\/cjiang1.upv.edu.es\\\/#website\"},\"datePublished\":\"2024-05-16T18:24:41+00:00\",\"breadcrumb\":{\"@id\":\"https:\\\/\\\/cjiang1.upv.edu.es\\\/?page_id=165#breadcrumb\"},\"inLanguage\":\"es\",\"potentialAction\":[{\"@type\":\"ReadAction\",\"target\":[\"https:\\\/\\\/cjiang1.upv.edu.es\\\/?page_id=165\"]}]},{\"@type\":\"BreadcrumbList\",\"@id\":\"https:\\\/\\\/cjiang1.upv.edu.es\\\/?page_id=165#breadcrumb\",\"itemListElement\":[{\"@type\":\"ListItem\",\"position\":1,\"name\":\"Portada\",\"item\":\"https:\\\/\\\/cjiang1.upv.edu.es\\\/\"},{\"@type\":\"ListItem\",\"position\":2,\"name\":\"POL\u00cdTICA DE COOKIES\"}]},{\"@type\":\"WebSite\",\"@id\":\"https:\\\/\\\/cjiang1.upv.edu.es\\\/#website\",\"url\":\"https:\\\/\\\/cjiang1.upv.edu.es\\\/\",\"name\":\"Npcnt\",\"description\":\"NPCnt\",\"publisher\":{\"@id\":\"https:\\\/\\\/cjiang1.upv.edu.es\\\/#organization\"},\"potentialAction\":[{\"@type\":\"SearchAction\",\"target\":{\"@type\":\"EntryPoint\",\"urlTemplate\":\"https:\\\/\\\/cjiang1.upv.edu.es\\\/?s={search_term_string}\"},\"query-input\":{\"@type\":\"PropertyValueSpecification\",\"valueRequired\":true,\"valueName\":\"search_term_string\"}}],\"inLanguage\":\"es\"},{\"@type\":\"Organization\",\"@id\":\"https:\\\/\\\/cjiang1.upv.edu.es\\\/#organization\",\"name\":\"Npcnt SL\",\"url\":\"https:\\\/\\\/cjiang1.upv.edu.es\\\/\",\"logo\":{\"@type\":\"ImageObject\",\"inLanguage\":\"es\",\"@id\":\"https:\\\/\\\/cjiang1.upv.edu.es\\\/#\\\/schema\\\/logo\\\/image\\\/\",\"url\":\"https:\\\/\\\/cjiang1.upv.edu.es\\\/wp-content\\\/uploads\\\/2024\\\/05\\\/IMG_1034-edited.png\",\"contentUrl\":\"https:\\\/\\\/cjiang1.upv.edu.es\\\/wp-content\\\/uploads\\\/2024\\\/05\\\/IMG_1034-edited.png\",\"width\":341,\"height\":341,\"caption\":\"Npcnt SL\"},\"image\":{\"@id\":\"https:\\\/\\\/cjiang1.upv.edu.es\\\/#\\\/schema\\\/logo\\\/image\\\/\"}}]}<\/script>\n<!-- \/ Yoast SEO plugin. -->","yoast_head_json":{"title":"POL\u00cdTICA DE COOKIES -","robots":{"index":"index","follow":"follow","max-snippet":"max-snippet:-1","max-image-preview":"max-image-preview:large","max-video-preview":"max-video-preview:-1"},"canonical":"https:\/\/cjiang1.upv.edu.es\/?page_id=165","og_locale":"es_ES","og_type":"article","og_title":"POL\u00cdTICA DE COOKIES -","og_description":"El acceso y la navegaci\u00f3n en el sitio web https:\/\/cjiang1.upv.edu.es\/ pueden implicar el uso de cookies. Las cookies son peque\u00f1os archivos de informaci\u00f3n que se almacenan en el navegador utilizado por cada Usuario en los distintos dispositivos que pueda utilizar para navegar por la web. Su funci\u00f3n es facilitar la navegaci\u00f3n, hacerla m\u00e1s amigable y [&hellip;]","og_url":"https:\/\/cjiang1.upv.edu.es\/?page_id=165","og_image":[{"width":1200,"height":675,"url":"https:\/\/cjiang1.upv.edu.es\/wp-content\/uploads\/2024\/06\/49F6C28E-B43F-4767-A2F9-86D46A0814AB-1.png","type":"image\/png"}],"twitter_card":"summary_large_image","twitter_misc":{"Tiempo de lectura":"2 minutos"},"schema":{"@context":"https:\/\/schema.org","@graph":[{"@type":"WebPage","@id":"https:\/\/cjiang1.upv.edu.es\/?page_id=165","url":"https:\/\/cjiang1.upv.edu.es\/?page_id=165","name":"POL\u00cdTICA DE COOKIES -","isPartOf":{"@id":"https:\/\/cjiang1.upv.edu.es\/#website"},"datePublished":"2024-05-16T18:24:41+00:00","breadcrumb":{"@id":"https:\/\/cjiang1.upv.edu.es\/?page_id=165#breadcrumb"},"inLanguage":"es","potentialAction":[{"@type":"ReadAction","target":["https:\/\/cjiang1.upv.edu.es\/?page_id=165"]}]},{"@type":"BreadcrumbList","@id":"https:\/\/cjiang1.upv.edu.es\/?page_id=165#breadcrumb","itemListElement":[{"@type":"ListItem","position":1,"name":"Portada","item":"https:\/\/cjiang1.upv.edu.es\/"},{"@type":"ListItem","position":2,"name":"POL\u00cdTICA DE COOKIES"}]},{"@type":"WebSite","@id":"https:\/\/cjiang1.upv.edu.es\/#website","url":"https:\/\/cjiang1.upv.edu.es\/","name":"Npcnt","description":"NPCnt","publisher":{"@id":"https:\/\/cjiang1.upv.edu.es\/#organization"},"potentialAction":[{"@type":"SearchAction","target":{"@type":"EntryPoint","urlTemplate":"https:\/\/cjiang1.upv.edu.es\/?s={search_term_string}"},"query-input":{"@type":"PropertyValueSpecification","valueRequired":true,"valueName":"search_term_string"}}],"inLanguage":"es"},{"@type":"Organization","@id":"https:\/\/cjiang1.upv.edu.es\/#organization","name":"Npcnt SL","url":"https:\/\/cjiang1.upv.edu.es\/","logo":{"@type":"ImageObject","inLanguage":"es","@id":"https:\/\/cjiang1.upv.edu.es\/#\/schema\/logo\/image\/","url":"https:\/\/cjiang1.upv.edu.es\/wp-content\/uploads\/2024\/05\/IMG_1034-edited.png","contentUrl":"https:\/\/cjiang1.upv.edu.es\/wp-content\/uploads\/2024\/05\/IMG_1034-edited.png","width":341,"height":341,"caption":"Npcnt SL"},"image":{"@id":"https:\/\/cjiang1.upv.edu.es\/#\/schema\/logo\/image\/"}}]}},"_links":{"self":[{"href":"https:\/\/cjiang1.upv.edu.es\/index.php?rest_route=\/wp\/v2\/pages\/165","targetHints":{"allow":["GET"]}}],"collection":[{"href":"https:\/\/cjiang1.upv.edu.es\/index.php?rest_route=\/wp\/v2\/pages"}],"about":[{"href":"https:\/\/cjiang1.upv.edu.es\/index.php?rest_route=\/wp\/v2\/types\/page"}],"author":[{"embeddable":true,"href":"https:\/\/cjiang1.upv.edu.es\/index.php?rest_route=\/wp\/v2\/users\/1"}],"replies":[{"embeddable":true,"href":"https:\/\/cjiang1.upv.edu.es\/index.php?rest_route=%2Fwp%2Fv2%2Fcomments&post=165"}],"version-history":[{"count":1,"href":"https:\/\/cjiang1.upv.edu.es\/index.php?rest_route=\/wp\/v2\/pages\/165\/revisions"}],"predecessor-version":[{"id":166,"href":"https:\/\/cjiang1.upv.edu.es\/index.php?rest_route=\/wp\/v2\/pages\/165\/revisions\/166"}],"wp:attachment":[{"href":"https:\/\/cjiang1.upv.edu.es\/index.php?rest_route=%2Fwp%2Fv2%2Fmedia&parent=165"}],"curies":[{"name":"wp","href":"https:\/\/api.w.org\/{rel}","templated":true}]}}