{"id":163,"date":"2024-05-16T20:22:26","date_gmt":"2024-05-16T18:22:26","guid":{"rendered":"https:\/\/cjiang1.upv.edu.es\/?page_id=163"},"modified":"2024-05-16T20:22:26","modified_gmt":"2024-05-16T18:22:26","slug":"aviso-legal-y-condiciones-generales-de-uso","status":"publish","type":"page","link":"https:\/\/cjiang1.upv.edu.es\/?page_id=163","title":{"rendered":"AVISO LEGAL Y CONDICIONES GENERALES DE USO"},"content":{"rendered":"<p><strong>I. INFORMACI\u00d3N GENERAL<\/strong><\/p><p>En cumplimiento con el deber de informaci\u00f3n dispuesto en la Ley 34\/2002 de Servicios de la Sociedad de la Informaci\u00f3n y el Comercio Electr\u00f3nico (LSSI-CE) de 11 de julio, se facilitan a continuaci\u00f3n los siguientes datos de informaci\u00f3n general de este sitio web:<\/p><p>La titularidad de este sitio web, www.cjiang1.upv.edu.es, (en adelante, Sitio Web) la ostenta: NPCn\u2019t S.L, provista de NIF: Y7362458K e inscrita en: Registro mercantil de Valencia con los siguientes datos registrales: Tomo 1, P\u00e1gina 7, Hoja 258, cuyo representante es: Jack Swift, y cuyos datos de contacto son:<\/p><ul class=\"wp-block-list\"><li>Direcci\u00f3n: Calle Menorca 42<\/li>\n\n<li>Tel\u00e9fono de contacto: 111111111<\/li>\n\n<li>Email de contacto: npcnt@rrhh.es<\/li><\/ul><p><strong>II. T\u00c9RMINOS Y CONDICIONES GENERALES DE USO<\/strong><\/p><p><strong>El objeto de las condiciones: El Sitio Web<\/strong><\/p><p>El objeto de las presentes Condiciones Generales de Uso (en adelante, Condiciones) es regular el acceso y la utilizaci\u00f3n del Sitio Web. A los efectos de las presentes Condiciones se entender\u00e1 como Sitio Web: la apariencia externa de los interfaces de pantalla, tanto de forma est\u00e1tica como de forma din\u00e1mica, es decir, el \u00e1rbol de navegaci\u00f3n; y todos los elementos integrados tanto en los interfaces de pantalla como en el \u00e1rbol de navegaci\u00f3n (en adelante, Contenidos) y todos aquellos servicios o recursos en l\u00ednea que en su caso ofrezca a los Usuarios (en adelante, Servicios).<\/p><p>NPCn\u2019t se reserva la facultad de modificar, en cualquier momento, y sin aviso previo, la presentaci\u00f3n y configuraci\u00f3n del Sitio Web y de los Contenidos y Servicios que en \u00e9l pudieran estar incorporados. El Usuario reconoce y acepta que en cualquier momento NPCn\u2019t pueda interrumpir, desactivar y\/o cancelar cualquiera de estos elementos que se integran en el Sitio Web o el acceso a los mismos.<\/p><p>El acceso al Sitio Web por el Usuario tiene car\u00e1cter libre y, por regla general, es gratuito sin que el Usuario tenga que proporcionar una contraprestaci\u00f3n para poder disfrutar de ello, salvo en lo relativo al coste de conexi\u00f3n a trav\u00e9s de la red de telecomunicaciones suministrada por el proveedor de acceso que hubiere contratado el Usuario.<\/p><p>La utilizaci\u00f3n de alguno de los Contenidos o Servicios del Sitio Web podr\u00e1 hacerse mediante la suscripci\u00f3n o registro previo del Usuario.<\/p><p><strong>El Usuario<\/strong><\/p><p>El acceso, la navegaci\u00f3n y uso del Sitio Web, as\u00ed como por los espacios habilitados para interactuar entre los Usuarios, y el Usuario y NPCn\u2019t, como los comentarios y\/o espacios de blogging, confiere la condici\u00f3n de Usuario, por lo que se aceptan, desde que se inicia la navegaci\u00f3n por el Sitio Web, todas las Condiciones aqu\u00ed establecidas, as\u00ed como sus ulteriores modificaciones, sin perjuicio de la aplicaci\u00f3n de la correspondiente normativa legal de obligado cumplimiento seg\u00fan el caso. Dada la relevancia de lo anterior, se recomienda al Usuario leerlas cada vez que visite el Sitio Web.<\/p><p>El Sitio Web de NPCn\u2019t proporciona gran diversidad de informaci\u00f3n, servicios y datos. El Usuario asume su responsabilidad para realizar un uso correcto del Sitio Web. Esta responsabilidad se extender\u00e1 a:<\/p><ul class=\"wp-block-list\"><li>Un uso de la informaci\u00f3n, Contenidos y\/o Servicios y datos ofrecidos por NPCn\u2019t sin que sea contrario a lo dispuesto por las presentes Condiciones, la Ley, la moral o el orden p\u00fablico, o que de cualquier otro modo puedan suponer lesi\u00f3n de los derechos de terceros o del mismo funcionamiento del Sitio Web.<\/li>\n\n<li>La veracidad y licitud de las informaciones aportadas por el Usuario en los formularios extendidos por NPCn\u2019t para el acceso a ciertos Contenidos o Servicios ofrecidos por el Sitio Web. En todo caso, el Usuario notificar\u00e1 de forma inmediata a NPCn\u2019t acerca de cualquier hecho que permita el uso indebido de la informaci\u00f3n registrada en dichos formularios, tales como, pero no solo, el robo, extrav\u00edo, o el acceso no autorizado a identificadores y\/o contrase\u00f1as, con el fin de proceder a su inmediata cancelaci\u00f3n.<\/li><\/ul><p>NPCn\u2019t se reserva el derecho de retirar todos aquellos comentarios y aportaciones que vulneren la ley, el respeto a la dignidad de la persona, que sean discriminatorios, xen\u00f3fobos, racistas, pornogr\u00e1ficos, spamming, que atenten contra la juventud o la infancia, el orden o la seguridad p\u00fablica o que, a su juicio, no resultaran adecuados para su publicaci\u00f3n.<\/p><p>En cualquier caso, NPCn\u2019t no ser\u00e1 responsable de las opiniones vertidas por los Usuarios a trav\u00e9s de comentarios u otras herramientas de blogging o de participaci\u00f3n que pueda haber.<\/p><p>El mero acceso a este Sitio Web no supone entablar ning\u00fan tipo de relaci\u00f3n de car\u00e1cter comercial entre NPCn\u2019t y el Usuario.<\/p><p>Siempre en el respeto de la legislaci\u00f3n vigente, este Sitio Web de NPCn\u2019t se dirige a todas las personas, sin importar su edad, que puedan acceder y\/o navegar por las p\u00e1ginas del Sitio Web.<\/p><p>El Sitio Web est\u00e1 dirigido principalmente a Usuarios residentes en Espa\u00f1a. NPCn\u2019t no asegura que el Sitio Web cumpla con legislaciones de otros pa\u00edses, ya sea total o parcialmente. Si el Usuario reside o<\/p>","protected":false},"excerpt":{"rendered":"<p>I. INFORMACI\u00d3N GENERAL En cumplimiento con el deber de informaci\u00f3n dispuesto en la Ley 34\/2002 de Servicios de la Sociedad de la Informaci\u00f3n y el Comercio Electr\u00f3nico (LSSI-CE) de 11 de julio, se facilitan a continuaci\u00f3n los siguientes datos de informaci\u00f3n general de este sitio web: La titularidad de este sitio web, www.cjiang1.upv.edu.es, (en adelante, [&hellip;]<\/p>\n","protected":false},"author":1,"featured_media":0,"parent":0,"menu_order":0,"comment_status":"closed","ping_status":"closed","template":"","meta":{"footnotes":""},"class_list":["post-163","page","type-page","status-publish","hentry"],"yoast_head":"<!-- This site is optimized with the Yoast SEO plugin v27.3 - https:\/\/yoast.com\/product\/yoast-seo-wordpress\/ -->\n<title>AVISO LEGAL Y CONDICIONES GENERALES DE USO -<\/title>\n<meta name=\"robots\" content=\"index, follow, max-snippet:-1, max-image-preview:large, max-video-preview:-1\" \/>\n<link rel=\"canonical\" href=\"https:\/\/cjiang1.upv.edu.es\/?page_id=163\" \/>\n<meta property=\"og:locale\" content=\"es_ES\" \/>\n<meta property=\"og:type\" content=\"article\" \/>\n<meta property=\"og:title\" content=\"AVISO LEGAL Y CONDICIONES GENERALES DE USO -\" \/>\n<meta property=\"og:description\" content=\"I. INFORMACI\u00d3N GENERAL En cumplimiento con el deber de informaci\u00f3n dispuesto en la Ley 34\/2002 de Servicios de la Sociedad de la Informaci\u00f3n y el Comercio Electr\u00f3nico (LSSI-CE) de 11 de julio, se facilitan a continuaci\u00f3n los siguientes datos de informaci\u00f3n general de este sitio web: La titularidad de este sitio web, www.cjiang1.upv.edu.es, (en adelante, [&hellip;]\" \/>\n<meta property=\"og:url\" content=\"https:\/\/cjiang1.upv.edu.es\/?page_id=163\" \/>\n<meta property=\"og:image\" content=\"https:\/\/cjiang1.upv.edu.es\/wp-content\/uploads\/2024\/06\/49F6C28E-B43F-4767-A2F9-86D46A0814AB-1.png\" \/>\n\t<meta property=\"og:image:width\" content=\"1200\" \/>\n\t<meta property=\"og:image:height\" content=\"675\" \/>\n\t<meta property=\"og:image:type\" content=\"image\/png\" \/>\n<meta name=\"twitter:card\" content=\"summary_large_image\" \/>\n<meta name=\"twitter:label1\" content=\"Tiempo de lectura\" \/>\n\t<meta name=\"twitter:data1\" content=\"4 minutos\" \/>\n<script type=\"application\/ld+json\" class=\"yoast-schema-graph\">{\"@context\":\"https:\\\/\\\/schema.org\",\"@graph\":[{\"@type\":\"WebPage\",\"@id\":\"https:\\\/\\\/cjiang1.upv.edu.es\\\/?page_id=163\",\"url\":\"https:\\\/\\\/cjiang1.upv.edu.es\\\/?page_id=163\",\"name\":\"AVISO LEGAL Y CONDICIONES GENERALES DE USO -\",\"isPartOf\":{\"@id\":\"https:\\\/\\\/cjiang1.upv.edu.es\\\/#website\"},\"datePublished\":\"2024-05-16T18:22:26+00:00\",\"breadcrumb\":{\"@id\":\"https:\\\/\\\/cjiang1.upv.edu.es\\\/?page_id=163#breadcrumb\"},\"inLanguage\":\"es\",\"potentialAction\":[{\"@type\":\"ReadAction\",\"target\":[\"https:\\\/\\\/cjiang1.upv.edu.es\\\/?page_id=163\"]}]},{\"@type\":\"BreadcrumbList\",\"@id\":\"https:\\\/\\\/cjiang1.upv.edu.es\\\/?page_id=163#breadcrumb\",\"itemListElement\":[{\"@type\":\"ListItem\",\"position\":1,\"name\":\"Portada\",\"item\":\"https:\\\/\\\/cjiang1.upv.edu.es\\\/\"},{\"@type\":\"ListItem\",\"position\":2,\"name\":\"AVISO LEGAL Y CONDICIONES GENERALES DE USO\"}]},{\"@type\":\"WebSite\",\"@id\":\"https:\\\/\\\/cjiang1.upv.edu.es\\\/#website\",\"url\":\"https:\\\/\\\/cjiang1.upv.edu.es\\\/\",\"name\":\"Npcnt\",\"description\":\"NPCnt\",\"publisher\":{\"@id\":\"https:\\\/\\\/cjiang1.upv.edu.es\\\/#organization\"},\"potentialAction\":[{\"@type\":\"SearchAction\",\"target\":{\"@type\":\"EntryPoint\",\"urlTemplate\":\"https:\\\/\\\/cjiang1.upv.edu.es\\\/?s={search_term_string}\"},\"query-input\":{\"@type\":\"PropertyValueSpecification\",\"valueRequired\":true,\"valueName\":\"search_term_string\"}}],\"inLanguage\":\"es\"},{\"@type\":\"Organization\",\"@id\":\"https:\\\/\\\/cjiang1.upv.edu.es\\\/#organization\",\"name\":\"Npcnt SL\",\"url\":\"https:\\\/\\\/cjiang1.upv.edu.es\\\/\",\"logo\":{\"@type\":\"ImageObject\",\"inLanguage\":\"es\",\"@id\":\"https:\\\/\\\/cjiang1.upv.edu.es\\\/#\\\/schema\\\/logo\\\/image\\\/\",\"url\":\"https:\\\/\\\/cjiang1.upv.edu.es\\\/wp-content\\\/uploads\\\/2024\\\/05\\\/IMG_1034-edited.png\",\"contentUrl\":\"https:\\\/\\\/cjiang1.upv.edu.es\\\/wp-content\\\/uploads\\\/2024\\\/05\\\/IMG_1034-edited.png\",\"width\":341,\"height\":341,\"caption\":\"Npcnt SL\"},\"image\":{\"@id\":\"https:\\\/\\\/cjiang1.upv.edu.es\\\/#\\\/schema\\\/logo\\\/image\\\/\"}}]}<\/script>\n<!-- \/ Yoast SEO plugin. -->","yoast_head_json":{"title":"AVISO LEGAL Y CONDICIONES GENERALES DE USO -","robots":{"index":"index","follow":"follow","max-snippet":"max-snippet:-1","max-image-preview":"max-image-preview:large","max-video-preview":"max-video-preview:-1"},"canonical":"https:\/\/cjiang1.upv.edu.es\/?page_id=163","og_locale":"es_ES","og_type":"article","og_title":"AVISO LEGAL Y CONDICIONES GENERALES DE USO -","og_description":"I. INFORMACI\u00d3N GENERAL En cumplimiento con el deber de informaci\u00f3n dispuesto en la Ley 34\/2002 de Servicios de la Sociedad de la Informaci\u00f3n y el Comercio Electr\u00f3nico (LSSI-CE) de 11 de julio, se facilitan a continuaci\u00f3n los siguientes datos de informaci\u00f3n general de este sitio web: La titularidad de este sitio web, www.cjiang1.upv.edu.es, (en adelante, [&hellip;]","og_url":"https:\/\/cjiang1.upv.edu.es\/?page_id=163","og_image":[{"width":1200,"height":675,"url":"https:\/\/cjiang1.upv.edu.es\/wp-content\/uploads\/2024\/06\/49F6C28E-B43F-4767-A2F9-86D46A0814AB-1.png","type":"image\/png"}],"twitter_card":"summary_large_image","twitter_misc":{"Tiempo de lectura":"4 minutos"},"schema":{"@context":"https:\/\/schema.org","@graph":[{"@type":"WebPage","@id":"https:\/\/cjiang1.upv.edu.es\/?page_id=163","url":"https:\/\/cjiang1.upv.edu.es\/?page_id=163","name":"AVISO LEGAL Y CONDICIONES GENERALES DE USO -","isPartOf":{"@id":"https:\/\/cjiang1.upv.edu.es\/#website"},"datePublished":"2024-05-16T18:22:26+00:00","breadcrumb":{"@id":"https:\/\/cjiang1.upv.edu.es\/?page_id=163#breadcrumb"},"inLanguage":"es","potentialAction":[{"@type":"ReadAction","target":["https:\/\/cjiang1.upv.edu.es\/?page_id=163"]}]},{"@type":"BreadcrumbList","@id":"https:\/\/cjiang1.upv.edu.es\/?page_id=163#breadcrumb","itemListElement":[{"@type":"ListItem","position":1,"name":"Portada","item":"https:\/\/cjiang1.upv.edu.es\/"},{"@type":"ListItem","position":2,"name":"AVISO LEGAL Y CONDICIONES GENERALES DE USO"}]},{"@type":"WebSite","@id":"https:\/\/cjiang1.upv.edu.es\/#website","url":"https:\/\/cjiang1.upv.edu.es\/","name":"Npcnt","description":"NPCnt","publisher":{"@id":"https:\/\/cjiang1.upv.edu.es\/#organization"},"potentialAction":[{"@type":"SearchAction","target":{"@type":"EntryPoint","urlTemplate":"https:\/\/cjiang1.upv.edu.es\/?s={search_term_string}"},"query-input":{"@type":"PropertyValueSpecification","valueRequired":true,"valueName":"search_term_string"}}],"inLanguage":"es"},{"@type":"Organization","@id":"https:\/\/cjiang1.upv.edu.es\/#organization","name":"Npcnt SL","url":"https:\/\/cjiang1.upv.edu.es\/","logo":{"@type":"ImageObject","inLanguage":"es","@id":"https:\/\/cjiang1.upv.edu.es\/#\/schema\/logo\/image\/","url":"https:\/\/cjiang1.upv.edu.es\/wp-content\/uploads\/2024\/05\/IMG_1034-edited.png","contentUrl":"https:\/\/cjiang1.upv.edu.es\/wp-content\/uploads\/2024\/05\/IMG_1034-edited.png","width":341,"height":341,"caption":"Npcnt SL"},"image":{"@id":"https:\/\/cjiang1.upv.edu.es\/#\/schema\/logo\/image\/"}}]}},"_links":{"self":[{"href":"https:\/\/cjiang1.upv.edu.es\/index.php?rest_route=\/wp\/v2\/pages\/163","targetHints":{"allow":["GET"]}}],"collection":[{"href":"https:\/\/cjiang1.upv.edu.es\/index.php?rest_route=\/wp\/v2\/pages"}],"about":[{"href":"https:\/\/cjiang1.upv.edu.es\/index.php?rest_route=\/wp\/v2\/types\/page"}],"author":[{"embeddable":true,"href":"https:\/\/cjiang1.upv.edu.es\/index.php?rest_route=\/wp\/v2\/users\/1"}],"replies":[{"embeddable":true,"href":"https:\/\/cjiang1.upv.edu.es\/index.php?rest_route=%2Fwp%2Fv2%2Fcomments&post=163"}],"version-history":[{"count":1,"href":"https:\/\/cjiang1.upv.edu.es\/index.php?rest_route=\/wp\/v2\/pages\/163\/revisions"}],"predecessor-version":[{"id":164,"href":"https:\/\/cjiang1.upv.edu.es\/index.php?rest_route=\/wp\/v2\/pages\/163\/revisions\/164"}],"wp:attachment":[{"href":"https:\/\/cjiang1.upv.edu.es\/index.php?rest_route=%2Fwp%2Fv2%2Fmedia&parent=163"}],"curies":[{"name":"wp","href":"https:\/\/api.w.org\/{rel}","templated":true}]}}